{"id":32190,"date":"2026-02-10T14:35:51","date_gmt":"2026-02-10T14:35:51","guid":{"rendered":"https:\/\/www.montecastelli.it\/azienda-agricola-montecastelli\/"},"modified":"2026-03-12T10:03:30","modified_gmt":"2026-03-12T10:03:30","slug":"geschichte","status":"publish","type":"page","link":"https:\/\/www.montecastelli.com\/de\/geschichte\/","title":{"rendered":"Geschichte"},"content":{"rendered":"\t\t<div data-elementor-type=\"wp-page\" data-elementor-id=\"32190\" class=\"elementor elementor-32190 elementor-30720\">\n\t\t\t\t<div class=\"elementor-element elementor-element-efd145d wd-section-stretch e-con-full e-flex e-con e-parent\" data-id=\"efd145d\" data-element_type=\"container\" data-settings=\"{&quot;background_background&quot;:&quot;classic&quot;}\">\n\t\t\t\t<div class=\"elementor-element elementor-element-4e89b97 elementor-widget elementor-widget-heading\" data-id=\"4e89b97\" data-element_type=\"widget\" data-widget_type=\"heading.default\">\n\t\t\t\t\t<h1 class=\"elementor-heading-title elementor-size-default\">Landwirtschaftlicher Betrieb Montecastelli<\/h1>\t\t\t\t<\/div>\n\t\t\t\t<\/div>\n\t\t<div class=\"wd-negative-gap elementor-element elementor-element-7c7c544 e-flex e-con-boxed e-con e-parent\" data-id=\"7c7c544\" data-element_type=\"container\">\n\t\t\t\t\t<div class=\"e-con-inner\">\n\t\t<div class=\"elementor-element elementor-element-e7cb5cd e-con-full e-flex e-con e-child\" data-id=\"e7cb5cd\" data-element_type=\"container\">\n\t\t\t\t<div class=\"elementor-element elementor-element-56aec39 elementor-widget elementor-widget-wd_image_or_svg\" data-id=\"56aec39\" data-element_type=\"widget\" data-widget_type=\"wd_image_or_svg.default\">\n\t\t\t\t<div class=\"elementor-widget-container\">\n\t\t\t\t\t\n\t\t<div class=\"wd-image text-left\">\n\t\t\t\t\t\t\t\t<img loading=\"lazy\" decoding=\"async\" width=\"663\" height=\"831\" src=\"https:\/\/www.montecastelli.com\/wp-content\/uploads\/2026\/02\/collage-Villa-Montecastelli.webp\" class=\"attachment-full size-full\" alt=\"\" srcset=\"https:\/\/www.montecastelli.com\/wp-content\/uploads\/2026\/02\/collage-Villa-Montecastelli.webp 663w, https:\/\/www.montecastelli.com\/wp-content\/uploads\/2026\/02\/collage-Villa-Montecastelli-239x300.webp 239w, https:\/\/www.montecastelli.com\/wp-content\/uploads\/2026\/02\/collage-Villa-Montecastelli-638x800.webp 638w, https:\/\/www.montecastelli.com\/wp-content\/uploads\/2026\/02\/collage-Villa-Montecastelli-430x539.webp 430w, https:\/\/www.montecastelli.com\/wp-content\/uploads\/2026\/02\/collage-Villa-Montecastelli-150x188.webp 150w\" sizes=\"auto, (max-width: 663px) 100vw, 663px\" \/>\t\t\t\t\t<\/div>\n\n\t\t\t\t\t\t<\/div>\n\t\t\t\t<\/div>\n\t\t\t\t<\/div>\n\t\t<div class=\"elementor-element elementor-element-97d6084 e-con-full e-flex e-con e-child\" data-id=\"97d6084\" data-element_type=\"container\">\n\t\t\t\t<div class=\"elementor-element elementor-element-98d830b wd-width-100 elementor-widget elementor-widget-wd_title\" data-id=\"98d830b\" data-element_type=\"widget\" data-widget_type=\"wd_title.default\">\n\t\t\t\t<div class=\"elementor-widget-container\">\n\t\t\t\t\t\t\t<div class=\"title-wrapper wd-set-mb reset-last-child wd-title-color-primary wd-title-style-default wd-title-size-large text-left\">\n\n\t\t\t\t\t\t\t\t\t\t\t<div class=\"title-subtitle subtitle-color-primary subtitle-style-default wd-fontsize-xs\">\n\t\t\t\t\tDIE GESCHICHTE\t\t\t\t<\/div>\n\t\t\t\n\t\t\t<div class=\"liner-continer\">\n\t\t\t\t<h4 class=\"woodmart-title-container title wd-fontsize-xxl\">Ein Dorf wird zu einem landwirtschaftlichen Betrieb<\/h4> \n\t\t\t\t\t\t\t<\/div>\n\n\t\t\t\t\t<\/div>\n\t\t\t\t\t\t<\/div>\n\t\t\t\t<\/div>\n\t\t\t\t<div class=\"elementor-element elementor-element-66e47ad elementor-widget elementor-widget-wd_text_block\" data-id=\"66e47ad\" data-element_type=\"widget\" data-widget_type=\"wd_text_block.default\">\n\t\t\t\t<div class=\"elementor-widget-container\">\n\t\t\t\t\t\t\t<div class=\"wd-text-block reset-last-child text-left\">\n\t\t\t\n\t\t\t<p data-start=\"1853\" data-end=\"2062\">Unsere Geschichte beginnt <strong data-start=\"1879\" data-end=\"1887\">1993<\/strong> mit dem Kauf des historischen <strong data-start=\"1918\" data-end=\"1941\">Borgo Montecastelli<\/strong>, eines jahrtausendealten Ortes, eingebettet in die landwirtschaftliche Landschaft, die bis heute unsere Identit\u00e4t pr\u00e4gt.<\/p><p data-start=\"2064\" data-end=\"2294\">W\u00e4hrend <strong data-start=\"2072\" data-end=\"2085\">11 Jahren<\/strong> arbeitete ich pers\u00f6nlich an der Restaurierung der historischen Geb\u00e4ude und stellte mit meinen eigenen H\u00e4nden die l\u00e4ndliche Seele des Dorfes wieder her und f\u00fchrte es zu seiner urspr\u00fcnglichen Bestimmung zur\u00fcck.<\/p><p data-start=\"2296\" data-end=\"2649\">Im <strong data-start=\"2299\" data-end=\"2312\">Jahr 1999<\/strong> entdecke ich die landwirtschaftlichen Wurzeln des Gebietes wieder und pflanze <strong data-start=\"2391\" data-end=\"2417\">1.000 neue Olivenb\u00e4ume<\/strong>, einen f\u00fcr jedes Jahr der Geschichte des Dorfes, zus\u00e4tzlich zu den <strong data-start=\"2485\" data-end=\"2543\">300 bereits vorhandenen jahrhundertealten Olivenb\u00e4umen<\/strong>.<br data-start=\"2544\" data-end=\"2547\" \/>Ein Projekt, das Architektur, Landwirtschaft und den Respekt vor der Landschaft miteinander verbindet.<\/p><p data-start=\"2651\" data-end=\"2868\">Der Restaurierungsprozess endet <strong data-start=\"2683\" data-end=\"2691\">2005<\/strong> mit der Entstehung der <strong data-start=\"2715\" data-end=\"2738\">Villa Montecastello<\/strong>, heute eine charmante Unterkunft und ein Bezugspunkt f\u00fcr alle, die eine authentische Erfahrung im Einklang mit dem Gebiet suchen.<\/p><p data-start=\"2870\" data-end=\"3160\">Im <strong data-start=\"2873\" data-end=\"2886\">Jahr 2006<\/strong> vervollst\u00e4ndigen wir den Produktionszyklus mit der Installation einer <strong data-start=\"2957\" data-end=\"2992\">modernen Alfa-Laval-Olivenm\u00fchle<\/strong>, die es uns erm\u00f6glicht, unsere Oliven direkt auf dem Hof zu verarbeiten und so Qualit\u00e4t, R\u00fcckverfolgbarkeit und die Aufwertung der lokalen Produktion zu gew\u00e4hrleisten.<\/p>\n\t\t\t\t\t<\/div>\n\t\t\t\t\t\t<\/div>\n\t\t\t\t<\/div>\n\t\t\t\t<\/div>\n\t\t\t\t\t<\/div>\n\t\t\t\t<\/div>\n\t\t\t\t<\/div>\n\t\t","protected":false},"excerpt":{"rendered":"<p>Landwirtschaftlicher Betrieb Montecastelli DIE GESCHICHTE Ein Dorf wird zu einem landwirtschaftlichen Betrieb Unsere Geschichte beginnt 1993 mit dem Kauf des<\/p>\n","protected":false},"author":1,"featured_media":0,"parent":0,"menu_order":0,"comment_status":"closed","ping_status":"closed","template":"","meta":{"footnotes":""},"class_list":["post-32190","page","type-page","status-publish","hentry"],"yoast_head":"<!-- This site is optimized with the Yoast SEO plugin v27.2 - https:\/\/yoast.com\/product\/yoast-seo-wordpress\/ -->\n<title>Geschichte - Villa Montecastello<\/title>\n<meta name=\"robots\" content=\"index, follow, max-snippet:-1, max-image-preview:large, max-video-preview:-1\" \/>\n<link rel=\"canonical\" href=\"https:\/\/www.montecastelli.com\/de\/geschichte\/\" \/>\n<meta property=\"og:locale\" content=\"de_DE\" \/>\n<meta property=\"og:type\" content=\"article\" \/>\n<meta property=\"og:title\" content=\"Geschichte - Villa Montecastello\" \/>\n<meta property=\"og:description\" content=\"Landwirtschaftlicher Betrieb Montecastelli DIE GESCHICHTE Ein Dorf wird zu einem landwirtschaftlichen Betrieb Unsere Geschichte beginnt 1993 mit dem Kauf des\" \/>\n<meta property=\"og:url\" content=\"https:\/\/www.montecastelli.com\/de\/geschichte\/\" \/>\n<meta property=\"og:site_name\" content=\"Villa Montecastello\" \/>\n<meta property=\"article:modified_time\" content=\"2026-03-12T10:03:30+00:00\" \/>\n<meta property=\"og:image\" content=\"https:\/\/www.montecastelli.com\/wp-content\/uploads\/2026\/02\/collage-Villa-Montecastelli.webp\" \/>\n<meta name=\"twitter:card\" content=\"summary_large_image\" \/>\n<meta name=\"twitter:label1\" content=\"Gesch\u00e4tzte Lesezeit\" \/>\n\t<meta name=\"twitter:data1\" content=\"1\u00a0Minute\" \/>\n<script type=\"application\/ld+json\" class=\"yoast-schema-graph\">{\"@context\":\"https:\/\/schema.org\",\"@graph\":[{\"@type\":\"WebPage\",\"@id\":\"https:\/\/www.montecastelli.com\/de\/geschichte\/\",\"url\":\"https:\/\/www.montecastelli.com\/de\/geschichte\/\",\"name\":\"Geschichte - Villa Montecastello\",\"isPartOf\":{\"@id\":\"https:\/\/www.montecastelli.com\/de\/#website\"},\"primaryImageOfPage\":{\"@id\":\"https:\/\/www.montecastelli.com\/de\/geschichte\/#primaryimage\"},\"image\":{\"@id\":\"https:\/\/www.montecastelli.com\/de\/geschichte\/#primaryimage\"},\"thumbnailUrl\":\"https:\/\/www.montecastelli.com\/wp-content\/uploads\/2026\/02\/collage-Villa-Montecastelli.webp\",\"datePublished\":\"2026-02-10T14:35:51+00:00\",\"dateModified\":\"2026-03-12T10:03:30+00:00\",\"breadcrumb\":{\"@id\":\"https:\/\/www.montecastelli.com\/de\/geschichte\/#breadcrumb\"},\"inLanguage\":\"de\",\"potentialAction\":[{\"@type\":\"ReadAction\",\"target\":[\"https:\/\/www.montecastelli.com\/de\/geschichte\/\"]}]},{\"@type\":\"ImageObject\",\"inLanguage\":\"de\",\"@id\":\"https:\/\/www.montecastelli.com\/de\/geschichte\/#primaryimage\",\"url\":\"https:\/\/www.montecastelli.com\/wp-content\/uploads\/2026\/02\/collage-Villa-Montecastelli.webp\",\"contentUrl\":\"https:\/\/www.montecastelli.com\/wp-content\/uploads\/2026\/02\/collage-Villa-Montecastelli.webp\"},{\"@type\":\"BreadcrumbList\",\"@id\":\"https:\/\/www.montecastelli.com\/de\/geschichte\/#breadcrumb\",\"itemListElement\":[{\"@type\":\"ListItem\",\"position\":1,\"name\":\"Home\",\"item\":\"https:\/\/www.montecastelli.com\/de\/\"},{\"@type\":\"ListItem\",\"position\":2,\"name\":\"Geschichte\"}]},{\"@type\":\"WebSite\",\"@id\":\"https:\/\/www.montecastelli.com\/de\/#website\",\"url\":\"https:\/\/www.montecastelli.com\/de\/\",\"name\":\"Villa Montecastello\",\"description\":\"a luxury Agriturismo for an authentic and unique experience in Tuscany\",\"publisher\":{\"@id\":\"https:\/\/www.montecastelli.com\/de\/#organization\"},\"potentialAction\":[{\"@type\":\"SearchAction\",\"target\":{\"@type\":\"EntryPoint\",\"urlTemplate\":\"https:\/\/www.montecastelli.com\/de\/?s={search_term_string}\"},\"query-input\":{\"@type\":\"PropertyValueSpecification\",\"valueRequired\":true,\"valueName\":\"search_term_string\"}}],\"inLanguage\":\"de\"},{\"@type\":\"Organization\",\"@id\":\"https:\/\/www.montecastelli.com\/de\/#organization\",\"name\":\"Villa Montecastello\",\"url\":\"https:\/\/www.montecastelli.com\/de\/\",\"logo\":{\"@type\":\"ImageObject\",\"inLanguage\":\"de\",\"@id\":\"https:\/\/www.montecastelli.com\/de\/#\/schema\/logo\/image\/\",\"url\":\"https:\/\/www.montecastelli.com\/wp-content\/uploads\/2026\/03\/fav-398x300-1.png\",\"contentUrl\":\"https:\/\/www.montecastelli.com\/wp-content\/uploads\/2026\/03\/fav-398x300-1.png\",\"width\":698,\"height\":300,\"caption\":\"Villa Montecastello\"},\"image\":{\"@id\":\"https:\/\/www.montecastelli.com\/de\/#\/schema\/logo\/image\/\"}}]}<\/script>\n<!-- \/ Yoast SEO plugin. -->","yoast_head_json":{"title":"Geschichte - Villa Montecastello","robots":{"index":"index","follow":"follow","max-snippet":"max-snippet:-1","max-image-preview":"max-image-preview:large","max-video-preview":"max-video-preview:-1"},"canonical":"https:\/\/www.montecastelli.com\/de\/geschichte\/","og_locale":"de_DE","og_type":"article","og_title":"Geschichte - Villa Montecastello","og_description":"Landwirtschaftlicher Betrieb Montecastelli DIE GESCHICHTE Ein Dorf wird zu einem landwirtschaftlichen Betrieb Unsere Geschichte beginnt 1993 mit dem Kauf des","og_url":"https:\/\/www.montecastelli.com\/de\/geschichte\/","og_site_name":"Villa Montecastello","article_modified_time":"2026-03-12T10:03:30+00:00","og_image":[{"url":"https:\/\/www.montecastelli.com\/wp-content\/uploads\/2026\/02\/collage-Villa-Montecastelli.webp","type":"","width":"","height":""}],"twitter_card":"summary_large_image","twitter_misc":{"Gesch\u00e4tzte Lesezeit":"1\u00a0Minute"},"schema":{"@context":"https:\/\/schema.org","@graph":[{"@type":"WebPage","@id":"https:\/\/www.montecastelli.com\/de\/geschichte\/","url":"https:\/\/www.montecastelli.com\/de\/geschichte\/","name":"Geschichte - Villa Montecastello","isPartOf":{"@id":"https:\/\/www.montecastelli.com\/de\/#website"},"primaryImageOfPage":{"@id":"https:\/\/www.montecastelli.com\/de\/geschichte\/#primaryimage"},"image":{"@id":"https:\/\/www.montecastelli.com\/de\/geschichte\/#primaryimage"},"thumbnailUrl":"https:\/\/www.montecastelli.com\/wp-content\/uploads\/2026\/02\/collage-Villa-Montecastelli.webp","datePublished":"2026-02-10T14:35:51+00:00","dateModified":"2026-03-12T10:03:30+00:00","breadcrumb":{"@id":"https:\/\/www.montecastelli.com\/de\/geschichte\/#breadcrumb"},"inLanguage":"de","potentialAction":[{"@type":"ReadAction","target":["https:\/\/www.montecastelli.com\/de\/geschichte\/"]}]},{"@type":"ImageObject","inLanguage":"de","@id":"https:\/\/www.montecastelli.com\/de\/geschichte\/#primaryimage","url":"https:\/\/www.montecastelli.com\/wp-content\/uploads\/2026\/02\/collage-Villa-Montecastelli.webp","contentUrl":"https:\/\/www.montecastelli.com\/wp-content\/uploads\/2026\/02\/collage-Villa-Montecastelli.webp"},{"@type":"BreadcrumbList","@id":"https:\/\/www.montecastelli.com\/de\/geschichte\/#breadcrumb","itemListElement":[{"@type":"ListItem","position":1,"name":"Home","item":"https:\/\/www.montecastelli.com\/de\/"},{"@type":"ListItem","position":2,"name":"Geschichte"}]},{"@type":"WebSite","@id":"https:\/\/www.montecastelli.com\/de\/#website","url":"https:\/\/www.montecastelli.com\/de\/","name":"Villa Montecastello","description":"a luxury Agriturismo for an authentic and unique experience in Tuscany","publisher":{"@id":"https:\/\/www.montecastelli.com\/de\/#organization"},"potentialAction":[{"@type":"SearchAction","target":{"@type":"EntryPoint","urlTemplate":"https:\/\/www.montecastelli.com\/de\/?s={search_term_string}"},"query-input":{"@type":"PropertyValueSpecification","valueRequired":true,"valueName":"search_term_string"}}],"inLanguage":"de"},{"@type":"Organization","@id":"https:\/\/www.montecastelli.com\/de\/#organization","name":"Villa Montecastello","url":"https:\/\/www.montecastelli.com\/de\/","logo":{"@type":"ImageObject","inLanguage":"de","@id":"https:\/\/www.montecastelli.com\/de\/#\/schema\/logo\/image\/","url":"https:\/\/www.montecastelli.com\/wp-content\/uploads\/2026\/03\/fav-398x300-1.png","contentUrl":"https:\/\/www.montecastelli.com\/wp-content\/uploads\/2026\/03\/fav-398x300-1.png","width":698,"height":300,"caption":"Villa Montecastello"},"image":{"@id":"https:\/\/www.montecastelli.com\/de\/#\/schema\/logo\/image\/"}}]}},"_links":{"self":[{"href":"https:\/\/www.montecastelli.com\/de\/wp-json\/wp\/v2\/pages\/32190","targetHints":{"allow":["GET"]}}],"collection":[{"href":"https:\/\/www.montecastelli.com\/de\/wp-json\/wp\/v2\/pages"}],"about":[{"href":"https:\/\/www.montecastelli.com\/de\/wp-json\/wp\/v2\/types\/page"}],"author":[{"embeddable":true,"href":"https:\/\/www.montecastelli.com\/de\/wp-json\/wp\/v2\/users\/1"}],"replies":[{"embeddable":true,"href":"https:\/\/www.montecastelli.com\/de\/wp-json\/wp\/v2\/comments?post=32190"}],"version-history":[{"count":5,"href":"https:\/\/www.montecastelli.com\/de\/wp-json\/wp\/v2\/pages\/32190\/revisions"}],"predecessor-version":[{"id":32631,"href":"https:\/\/www.montecastelli.com\/de\/wp-json\/wp\/v2\/pages\/32190\/revisions\/32631"}],"wp:attachment":[{"href":"https:\/\/www.montecastelli.com\/de\/wp-json\/wp\/v2\/media?parent=32190"}],"curies":[{"name":"wp","href":"https:\/\/api.w.org\/{rel}","templated":true}]}}