{"id":32504,"date":"2025-12-29T08:29:04","date_gmt":"2025-12-29T08:29:04","guid":{"rendered":"https:\/\/www.montecastelli.it\/termini-e-condizioni-duso\/"},"modified":"2026-03-12T10:03:21","modified_gmt":"2026-03-12T10:03:21","slug":"geschaeftsbedingungen","status":"publish","type":"page","link":"https:\/\/www.montecastelli.com\/de\/geschaeftsbedingungen\/","title":{"rendered":"Gesch\u00e4ftsbedingungen"},"content":{"rendered":"\t\t<div data-elementor-type=\"wp-page\" data-elementor-id=\"32504\" class=\"elementor elementor-32504 elementor-29733\">\n\t\t\t\t<div class=\"wd-negative-gap elementor-element elementor-element-f717aa3 e-flex e-con-boxed e-con e-parent\" data-id=\"f717aa3\" data-element_type=\"container\">\n\t\t\t\t\t<div class=\"e-con-inner\">\n\t\t\t\t<div class=\"elementor-element elementor-element-03fe683 elementor-widget elementor-widget-wd_text_block\" data-id=\"03fe683\" data-element_type=\"widget\" data-widget_type=\"wd_text_block.default\">\n\t\t\t\t<div class=\"elementor-widget-container\">\n\t\t\t\t\t\t\t<div class=\"wd-text-block reset-last-child text-left\">\n\t\t\t\n\t\t\t<h3>OBJEKT DES ONLINE-VERTRAGS UND SEINER DEFINITION<\/h3><p>Mit Online-Kaufvertrag ist der Fernabsatzvertrag gemeint, dh das Rechtsgesch\u00e4ft in Bezug auf bewegliche Sachen und \/ oder Dienstleistungen, das zwischen einem Lieferanten Azienda Agricola Montecastelli \u00fcber die Strada di Pieve a Castello n. 10, 53035 Monteriggioni (SI) Umsatzsteuer-Identifikationsnummer 00915480529 und ein Verbraucherkunde im Rahmen eines vom Lieferanten organisierten Fernabsatzsystems, der f\u00fcr diesen Vertrag ausschlie\u00dflich die Fernkommunikationstechnologie Internet verwendet, auf die entsprechende Website unter www.shop .montecastelli.com. Mit Verbraucherkunden ist die nat\u00fcrliche Person gemeint, die Waren und \/ oder Dienstleistungen auf der Website des Verk\u00e4ufers kauft. Der Kunde kann durch Bestellung auf verschiedene Arten, erkl\u00e4rt, alle ihm w\u00e4hrend des Kaufvorgangs zur Verf\u00fcgung gestellten Informationen gelesen zu haben und die nachstehend aufgef\u00fchrten allgemeinen Verkaufsbedingungen vollst\u00e4ndig zu akzeptieren. Der Vertrag wird mit der Annahme des Auftragseingangs durch den Kunden geschlossen, der durch Klicken auf die Schaltfl\u00e4che \"Auftragsbest\u00e4tigung\" am Ende des Kaufvorgangs ausgedr\u00fcckt wird. Mit der Annahme der \"Auftragsbest\u00e4tigung\" best\u00e4tigt der Kunde auch die Annahme ohne Vorbehalt der hier angegebenen Verkaufsbedingungen. Diese Verkaufsbedingungen bleiben wirksam, bis sie vom Lieferanten ge\u00e4ndert werden. \u00c4nderungen der Verkaufsbedingungen werden ab dem Zeitpunkt wirksam, an dem sie auf der Website www.shop.montecastelli.com ver\u00f6ffentlicht werden, und beziehen sich auf Verk\u00e4ufe, die ab diesem Zeitpunkt get\u00e4tigt werden.<\/p><h3>Verkaufspreise, Mehrwertsteuer und Versandkosten<\/h3><p>Alle Verkaufspreise der auf der Website angezeigten und angegebenen Produkte enthalten eine Mehrwertsteuer von 22%, 10%, 4% gem\u00e4\u00df der Produktkategorie gem\u00e4\u00df italienischem Recht. Die vorgenannte Steuer gilt f\u00fcr alle L\u00e4nder der Europ\u00e4ischen Gemeinschaft. Bei Verk\u00e4ufen au\u00dferhalb der Europ\u00e4ischen Gemeinschaft tr\u00e4gt der Verbraucher alle zus\u00e4tzlichen Kosten aufgrund von Steuern und Z\u00f6llen, die in den im Bestimmungsland geltenden Rechtsvorschriften vorgesehen sind. Die Versandkosten werden automatisch anhand des Gewichts und der Versandart berechnet und k\u00f6nnen direkt vor Ort eingesehen werden.<\/p><h3>LIEFERZEIT<\/h3><p>Die meisten Produkte sind in unserem Sortiment enthalten: Dies bedeutet, dass die Lieferzeiten von 3 Werktagen bis maximal 5 Werktagen ab dem Datum der Lieferung der bestellten Waren an den Kurier variieren k\u00f6nnen (w\u00e4hrend der Weihnachtszeit dauert die Lieferung 5 oder 7 werktags). F\u00fcr den Fall, dass die Bestellung an Artikel gerichtet ist, die vor\u00fcbergehend nicht auf Lager vorhanden sind, wird der Kunde umgehend \u00fcber die Wartezeiten f\u00fcr den Versand informiert, die immer ab dem Zeitpunkt der Best\u00e4tigung der Zahlung erfolgen. Der Kunde wird umgehend \u00fcber den Versand der per E-Mail bearbeiteten Bestellung informiert und diese enth\u00e4lt den Tracking-Code des Pakets, sofern verf\u00fcgbar. F\u00fcr weitere Informationen k\u00f6nnen Sie uns unter 348-1401676 anrufen oder eine E-Mail an info@shop.montecastelli.com schreiben<\/p><h3>VERSANDMETHODEN<\/h3><p>Die bestellte Ware wird auf Anfrage des Kunden zur Lieferung nach Hause per Mail Boxes ETC oder Kurierdienst an ihn geliefert. In keinem Fall erfolgt der Versand an Postf\u00e4cher, Postf\u00e4cher und dergleichen.<\/p><h3>ZAHLUNGEN UND SICHERHEIT<\/h3><p>Zahlungen k\u00f6nnen per Bank\u00fcberweisung an die Koordinaten erfolgen, die nach der Auftragsbest\u00e4tigung oder per Visa oder Mastercard Kreditkarte oder \u00fcber PayPal mitgeteilt werden. Um die Sicherheit der \u00dcbertragung vertraulicher Daten zu gew\u00e4hrleisten, verwendet unsere Website das bekannteste und etablierteste Protokoll f\u00fcr sichere Transaktionen im Web: Secure Socket Layer (SSL). Die SSL-Technologie erfordert, dass vertrauliche Daten nur in verschl\u00fcsselter Form im Internet \u00fcbertragen werden, um die Unleserlichkeit durch Dritte zu gew\u00e4hrleisten. Die Verwendung eines \"SSL Secure Server\" durch den Benutzer ist sehr einfach und erfordert kein bestimmtes Verfahren. Das Senden und Empfangen von Daten in Verbindung mit einem SSL Secure Server wird in der Regel vom Browser mit einem Warnfenster und einer Seitenadresse signalisiert, die durch das Pr\u00e4fix https (am Ende wird dem klassischen http ein \"s\" hinzugef\u00fcgt) und mit gekennzeichnet ist die Anzeige unten links oder rechts des Bildes des \u201egeschlossenen Vorh\u00e4ngeschlosses\u201c. Nachdem Sie die Zahlung per Kreditkarte ausgew\u00e4hlt haben, k\u00f6nnen Sie auf der Seite mit den pers\u00f6nlichen Daten auf eine Seite der Bank zugreifen, auf der die Kartendaten eingegeben und anschlie\u00dfend \u00fcber den SSL Secure Server an die Bank gesendet werden k\u00f6nnen. Die Bank schreibt den Betrag dann dem Konto des Verk\u00e4ufers gut. Die 2-j\u00e4hrige Garantie in Europa bezieht sich auf den Mangel an Konformit\u00e4t eines Gutes und nicht auf die Dauer der Garantie f\u00fcr das Versagen des Guten (das direkt vom Hersteller erkl\u00e4rt wird) GEKAUFT ENTSPRECHEND DEM, WAS DER VERK\u00c4UFER ERKL\u00c4RT HAT, DASS PHYSIKALISCHE \/ INTERNE \/ EXTERNE \/ LEISTUNGS- \/ NUTZUNGSEIGENSCHAFTEN DEN VERK\u00c4UFER AN DEN VERK\u00c4UFER ZUR\u00dcCKBRINGEN K\u00d6NNEN UND MIT VERKAUFSVERPACKUNG EINE ERSTATTUNG ERHALTEN.IE PHYSIKALISCHE \/ INTERNE \/ EXTERNE \/ LEISTUNGS- \/ VERWENDUNGSEIGENSCHAFTEN DER VERBRAUCHER KANN DAS PRODUKT AN DEN VERK\u00c4UFER ZUR\u00dcCKBRINGEN UND EINE R\u00dcCKERSTATTUNG ODER EIN ALTERNATIVES PRODUKT ERHALTEN.IE PHYSIKALISCHE \/ INTERNE \/ EXTERNE \/ LEISTUNGS- \/ NUTZUNGSEIGENSCHAFTEN DER VERBRAUCHER KANN DAS PRODUKT AN DEN VERK\u00c4UFER ZUR\u00dcCKBRINGEN UND EINE R\u00dcCKERSTATTUNG ODER EIN ALTERNATIVES PRODUKT ERHALTEN.<\/p><h3>Widerrufsrecht und R\u00fcckerstattung<\/h3><p>Gem\u00e4\u00df Gesetzesverordnung 206\/2005 und in Umsetzung der europ\u00e4ischen Richtlinie 97\/7 \/ EG teilt die Azienda Agricola Montecastelli allen ihren Kunden mit, dass sie das Widerrufsrecht ohne Motivation innerhalb und sp\u00e4testens 14 Tage nach Erhalt der Ware aus\u00fcben k\u00f6nnen. Um dieses Recht auszu\u00fcben, muss der Kunde sp\u00e4testens 14 Tage nach Erhalt der Ware einen eingeschriebenen Brief mit R\u00fcckschein an die Azienda Agricola Montecastelli \u00fcber die Strada di Pieve a Castello. 10, 53035 Monteriggioni (SI) senden. Diese Mitteilung kann per E-Mail an info@shop.montecastelli.com vorweggenommen werden. solange per Einschreiben innerhalb von 48 Stunden best\u00e4tigt. Die R\u00fccksendung der Ware muss in einer geeigneten Verpackung erfolgen, die ihre Unversehrtheit sch\u00fctzt. Die Versandkosten f\u00fcr die R\u00fccksendung der Ware gehen zu Lasten des Kunden. Die ab Lieferung durch den Spediteur an unseren Hauptsitz haftet. Das zur\u00fcckgegebene Objekt muss in allen Teilen intakt sein und unter Versto\u00df gegen die Nichtigkeit des Widerrufsrechts in der Originalverpackung zur\u00fcckgesandt werden. Sobald die Unversehrtheit der Ware beurteilt wurde, erstatten wir dem Kunden den f\u00fcr den Kauf der Ware gezahlten Betrag mit Ausnahme der Versandkosten so schnell wie m\u00f6glich per Bank\u00fcberweisung und in jedem Fall innerhalb von 14 Tagen nach Erhalt der Mitteilung des Widerrufserkl\u00e4rung<\/p><h3>PRIVATSPH\u00c4RE<\/h3><p>Datenschutzerkl\u00e4rung gem\u00e4\u00df Gesetzesdekret 30.06.2003 n. 196: Personenbezogene Daten werden NICHT mit Ihrer ausdr\u00fccklichen Zustimmung zum Versenden von Werbematerial, Werbeaktionen, Newslettern und dergleichen verwendet. Die zum Zeitpunkt der Registrierung erhaltenen personenbezogenen Daten des Kunden werden ausschlie\u00dflich zur Erf\u00fcllung der vertraglichen Verpflichtungen zur Erf\u00fcllung Ihrer Bestellung und f\u00fcr die damit verbundenen erforderlichen Mitteilungen an diejenigen verwendet, die den Lieferservice ausf\u00fchren und die Buchhaltungsunterlagen f\u00fcr uns f\u00fchren. Diese Daten werden in \u00dcbereinstimmung mit den geltenden Gesetzen elektronisch verarbeitet und d\u00fcrfen nur auf Antrag der Justizbeh\u00f6rde oder anderer zu diesem Zweck gesetzlich zugelassener Beh\u00f6rden ausgestellt werden, wie dies in der Gesetzesverordnung 196\/2003 ausdr\u00fccklich festgelegt ist<\/p><h3>FISCAL DOKUMENTATION<\/h3><p>F\u00fcr jeden Einkauf stellt die Azienda Agricola Montecastelli immer eine regelm\u00e4\u00dfige Quittung und \/ oder Rechnung aus, wobei die vom Kunden eingegebenen Daten in der entsprechenden Form verwendet werden. VERPFLICHTUNGEN DES K\u00c4UFERS Es ist dem K\u00e4ufer strengstens untersagt, falsche und \/ oder erfundene Daten einzugeben und \/ oder Fantasie im Registrierungsverfahren, das erforderlich ist, um das Verfahren zur Ausf\u00fchrung dieses Vertrags und die damit verbundenen weiteren Mitteilungen f\u00fcr ihn zu aktivieren; Bei den personenbezogenen Daten und der E-Mail-Adresse handelt es sich ausschlie\u00dflich um echte personenbezogene Daten und nicht um Daten Dritter oder Fantasie. Es ist ausdr\u00fccklich untersagt, Doppelregistrierungen f\u00fcr eine einzelne Person vorzunehmen oder Daten Dritter einzugeben.<\/p><h3>VERANTWORTUNG DES VERK\u00c4UFERS<\/h3><p>Die Azienda Agricola Montecastelli \u00fcbernimmt keine Verantwortung f\u00fcr Ineffizienzen, die auf h\u00f6here Gewalt zur\u00fcckzuf\u00fchren sind, wie das Ende der Produktion eines Gegenstands, Unf\u00e4lle, Explosionen, Streiks und \/ oder Aussperrungen, Erdbeben, \u00dcberschwemmungen und \u00e4hnliche Ereignisse, die die Vertragserf\u00fcllung ganz oder teilweise verhinderten innerhalb der vereinbarten Zeit. Azienda Agricola Montecastelli haftet gegen\u00fcber keiner Partei f\u00fcr Sch\u00e4den, Verluste und Kosten, die durch die Nichterf\u00fcllung des Vertrags aus den oben genannten Gr\u00fcnden oder durch die Nichtannahme oder teilweise Annahme einer Bestellung seit dem Kunden entstehen hat nur Anspruch auf R\u00fcckerstattung des gezahlten Preises.<\/p><h3>GERICHTSSTAND UND KOMPETENTES GERICHT<\/h3><p>Dieser Vertrag in Bezug auf die Anwendung, Ausf\u00fchrung, Auslegung und Verletzung von Kaufvertr\u00e4gen, die online \u00fcber die Website www.shop.montecastelli.com festgelegt wurden, unterliegt italienischem Recht. Im Falle eines Verbrauchernutzers ist das Wohnsitzgericht oder der Wohnsitz des Verbrauchers zust\u00e4ndig, wenn es sich in Italien befindet. F\u00fcr alle anderen Streitigkeiten ist das Gericht von Siena zust\u00e4ndig.<\/p>\n\t\t\t\t\t<\/div>\n\t\t\t\t\t\t<\/div>\n\t\t\t\t<\/div>\n\t\t\t\t\t<\/div>\n\t\t\t\t<\/div>\n\t\t\t\t<\/div>\n\t\t","protected":false},"excerpt":{"rendered":"<p>OBJEKT DES ONLINE-VERTRAGS UND SEINER DEFINITION Mit Online-Kaufvertrag ist der Fernabsatzvertrag gemeint, dh das Rechtsgesch\u00e4ft in Bezug auf bewegliche Sachen<\/p>\n","protected":false},"author":2,"featured_media":0,"parent":0,"menu_order":0,"comment_status":"closed","ping_status":"closed","template":"","meta":{"footnotes":""},"class_list":["post-32504","page","type-page","status-publish","hentry"],"yoast_head":"<!-- This site is optimized with the Yoast SEO plugin v27.2 - https:\/\/yoast.com\/product\/yoast-seo-wordpress\/ -->\n<title>Gesch\u00e4ftsbedingungen - Villa Montecastello<\/title>\n<meta name=\"robots\" content=\"index, follow, max-snippet:-1, max-image-preview:large, max-video-preview:-1\" \/>\n<link rel=\"canonical\" href=\"https:\/\/www.montecastelli.com\/de\/geschaeftsbedingungen\/\" \/>\n<meta property=\"og:locale\" content=\"de_DE\" \/>\n<meta property=\"og:type\" content=\"article\" \/>\n<meta property=\"og:title\" content=\"Gesch\u00e4ftsbedingungen - Villa Montecastello\" \/>\n<meta property=\"og:description\" content=\"OBJEKT DES ONLINE-VERTRAGS UND SEINER DEFINITION Mit Online-Kaufvertrag ist der Fernabsatzvertrag gemeint, dh das Rechtsgesch\u00e4ft in Bezug auf bewegliche Sachen\" \/>\n<meta property=\"og:url\" content=\"https:\/\/www.montecastelli.com\/de\/geschaeftsbedingungen\/\" \/>\n<meta property=\"og:site_name\" content=\"Villa Montecastello\" \/>\n<meta property=\"article:modified_time\" content=\"2026-03-12T10:03:21+00:00\" \/>\n<meta property=\"og:image\" content=\"https:\/\/www.montecastelli.com\/wp-content\/uploads\/2026\/03\/fav-398x300-1.png\" \/>\n\t<meta property=\"og:image:width\" content=\"698\" \/>\n\t<meta property=\"og:image:height\" content=\"300\" \/>\n\t<meta property=\"og:image:type\" content=\"image\/png\" \/>\n<meta name=\"twitter:card\" content=\"summary_large_image\" \/>\n<meta name=\"twitter:label1\" content=\"Gesch\u00e4tzte Lesezeit\" \/>\n\t<meta name=\"twitter:data1\" content=\"7\u00a0Minuten\" \/>\n<script type=\"application\/ld+json\" class=\"yoast-schema-graph\">{\"@context\":\"https:\/\/schema.org\",\"@graph\":[{\"@type\":\"WebPage\",\"@id\":\"https:\/\/www.montecastelli.com\/de\/geschaeftsbedingungen\/\",\"url\":\"https:\/\/www.montecastelli.com\/de\/geschaeftsbedingungen\/\",\"name\":\"Gesch\u00e4ftsbedingungen - Villa Montecastello\",\"isPartOf\":{\"@id\":\"https:\/\/www.montecastelli.com\/de\/#website\"},\"datePublished\":\"2025-12-29T08:29:04+00:00\",\"dateModified\":\"2026-03-12T10:03:21+00:00\",\"breadcrumb\":{\"@id\":\"https:\/\/www.montecastelli.com\/de\/geschaeftsbedingungen\/#breadcrumb\"},\"inLanguage\":\"de\",\"potentialAction\":[{\"@type\":\"ReadAction\",\"target\":[\"https:\/\/www.montecastelli.com\/de\/geschaeftsbedingungen\/\"]}]},{\"@type\":\"BreadcrumbList\",\"@id\":\"https:\/\/www.montecastelli.com\/de\/geschaeftsbedingungen\/#breadcrumb\",\"itemListElement\":[{\"@type\":\"ListItem\",\"position\":1,\"name\":\"Home\",\"item\":\"https:\/\/www.montecastelli.com\/de\/\"},{\"@type\":\"ListItem\",\"position\":2,\"name\":\"Gesch\u00e4ftsbedingungen\"}]},{\"@type\":\"WebSite\",\"@id\":\"https:\/\/www.montecastelli.com\/de\/#website\",\"url\":\"https:\/\/www.montecastelli.com\/de\/\",\"name\":\"Villa Montecastello\",\"description\":\"a luxury Agriturismo for an authentic and unique experience in Tuscany\",\"publisher\":{\"@id\":\"https:\/\/www.montecastelli.com\/de\/#organization\"},\"potentialAction\":[{\"@type\":\"SearchAction\",\"target\":{\"@type\":\"EntryPoint\",\"urlTemplate\":\"https:\/\/www.montecastelli.com\/de\/?s={search_term_string}\"},\"query-input\":{\"@type\":\"PropertyValueSpecification\",\"valueRequired\":true,\"valueName\":\"search_term_string\"}}],\"inLanguage\":\"de\"},{\"@type\":\"Organization\",\"@id\":\"https:\/\/www.montecastelli.com\/de\/#organization\",\"name\":\"Villa Montecastello\",\"url\":\"https:\/\/www.montecastelli.com\/de\/\",\"logo\":{\"@type\":\"ImageObject\",\"inLanguage\":\"de\",\"@id\":\"https:\/\/www.montecastelli.com\/de\/#\/schema\/logo\/image\/\",\"url\":\"https:\/\/www.montecastelli.com\/wp-content\/uploads\/2026\/03\/fav-398x300-1.png\",\"contentUrl\":\"https:\/\/www.montecastelli.com\/wp-content\/uploads\/2026\/03\/fav-398x300-1.png\",\"width\":698,\"height\":300,\"caption\":\"Villa Montecastello\"},\"image\":{\"@id\":\"https:\/\/www.montecastelli.com\/de\/#\/schema\/logo\/image\/\"}}]}<\/script>\n<!-- \/ Yoast SEO plugin. -->","yoast_head_json":{"title":"Gesch\u00e4ftsbedingungen - Villa Montecastello","robots":{"index":"index","follow":"follow","max-snippet":"max-snippet:-1","max-image-preview":"max-image-preview:large","max-video-preview":"max-video-preview:-1"},"canonical":"https:\/\/www.montecastelli.com\/de\/geschaeftsbedingungen\/","og_locale":"de_DE","og_type":"article","og_title":"Gesch\u00e4ftsbedingungen - Villa Montecastello","og_description":"OBJEKT DES ONLINE-VERTRAGS UND SEINER DEFINITION Mit Online-Kaufvertrag ist der Fernabsatzvertrag gemeint, dh das Rechtsgesch\u00e4ft in Bezug auf bewegliche Sachen","og_url":"https:\/\/www.montecastelli.com\/de\/geschaeftsbedingungen\/","og_site_name":"Villa Montecastello","article_modified_time":"2026-03-12T10:03:21+00:00","og_image":[{"width":698,"height":300,"url":"https:\/\/www.montecastelli.com\/wp-content\/uploads\/2026\/03\/fav-398x300-1.png","type":"image\/png"}],"twitter_card":"summary_large_image","twitter_misc":{"Gesch\u00e4tzte Lesezeit":"7\u00a0Minuten"},"schema":{"@context":"https:\/\/schema.org","@graph":[{"@type":"WebPage","@id":"https:\/\/www.montecastelli.com\/de\/geschaeftsbedingungen\/","url":"https:\/\/www.montecastelli.com\/de\/geschaeftsbedingungen\/","name":"Gesch\u00e4ftsbedingungen - Villa Montecastello","isPartOf":{"@id":"https:\/\/www.montecastelli.com\/de\/#website"},"datePublished":"2025-12-29T08:29:04+00:00","dateModified":"2026-03-12T10:03:21+00:00","breadcrumb":{"@id":"https:\/\/www.montecastelli.com\/de\/geschaeftsbedingungen\/#breadcrumb"},"inLanguage":"de","potentialAction":[{"@type":"ReadAction","target":["https:\/\/www.montecastelli.com\/de\/geschaeftsbedingungen\/"]}]},{"@type":"BreadcrumbList","@id":"https:\/\/www.montecastelli.com\/de\/geschaeftsbedingungen\/#breadcrumb","itemListElement":[{"@type":"ListItem","position":1,"name":"Home","item":"https:\/\/www.montecastelli.com\/de\/"},{"@type":"ListItem","position":2,"name":"Gesch\u00e4ftsbedingungen"}]},{"@type":"WebSite","@id":"https:\/\/www.montecastelli.com\/de\/#website","url":"https:\/\/www.montecastelli.com\/de\/","name":"Villa Montecastello","description":"a luxury Agriturismo for an authentic and unique experience in Tuscany","publisher":{"@id":"https:\/\/www.montecastelli.com\/de\/#organization"},"potentialAction":[{"@type":"SearchAction","target":{"@type":"EntryPoint","urlTemplate":"https:\/\/www.montecastelli.com\/de\/?s={search_term_string}"},"query-input":{"@type":"PropertyValueSpecification","valueRequired":true,"valueName":"search_term_string"}}],"inLanguage":"de"},{"@type":"Organization","@id":"https:\/\/www.montecastelli.com\/de\/#organization","name":"Villa Montecastello","url":"https:\/\/www.montecastelli.com\/de\/","logo":{"@type":"ImageObject","inLanguage":"de","@id":"https:\/\/www.montecastelli.com\/de\/#\/schema\/logo\/image\/","url":"https:\/\/www.montecastelli.com\/wp-content\/uploads\/2026\/03\/fav-398x300-1.png","contentUrl":"https:\/\/www.montecastelli.com\/wp-content\/uploads\/2026\/03\/fav-398x300-1.png","width":698,"height":300,"caption":"Villa Montecastello"},"image":{"@id":"https:\/\/www.montecastelli.com\/de\/#\/schema\/logo\/image\/"}}]}},"_links":{"self":[{"href":"https:\/\/www.montecastelli.com\/de\/wp-json\/wp\/v2\/pages\/32504","targetHints":{"allow":["GET"]}}],"collection":[{"href":"https:\/\/www.montecastelli.com\/de\/wp-json\/wp\/v2\/pages"}],"about":[{"href":"https:\/\/www.montecastelli.com\/de\/wp-json\/wp\/v2\/types\/page"}],"author":[{"embeddable":true,"href":"https:\/\/www.montecastelli.com\/de\/wp-json\/wp\/v2\/users\/2"}],"replies":[{"embeddable":true,"href":"https:\/\/www.montecastelli.com\/de\/wp-json\/wp\/v2\/comments?post=32504"}],"version-history":[{"count":5,"href":"https:\/\/www.montecastelli.com\/de\/wp-json\/wp\/v2\/pages\/32504\/revisions"}],"predecessor-version":[{"id":32588,"href":"https:\/\/www.montecastelli.com\/de\/wp-json\/wp\/v2\/pages\/32504\/revisions\/32588"}],"wp:attachment":[{"href":"https:\/\/www.montecastelli.com\/de\/wp-json\/wp\/v2\/media?parent=32504"}],"curies":[{"name":"wp","href":"https:\/\/api.w.org\/{rel}","templated":true}]}}