{"id":32512,"date":"2026-01-13T18:00:21","date_gmt":"2026-01-13T18:00:21","guid":{"rendered":"https:\/\/www.montecastelli.it\/spedizione-e-resi\/"},"modified":"2026-04-21T15:03:09","modified_gmt":"2026-04-21T15:03:09","slug":"versand-und-ruecksendungen","status":"publish","type":"page","link":"https:\/\/www.montecastelli.com\/de\/versand-und-ruecksendungen\/","title":{"rendered":"Versand und R\u00fccksendungen"},"content":{"rendered":"\t\t<div data-elementor-type=\"wp-page\" data-elementor-id=\"32512\" class=\"elementor elementor-32512 elementor-30425\">\n\t\t\t\t<div class=\"wd-negative-gap elementor-element elementor-element-cb322d0 e-flex e-con-boxed e-con e-parent\" data-id=\"cb322d0\" data-element_type=\"container\">\n\t\t\t\t\t<div class=\"e-con-inner\">\n\t\t<div class=\"elementor-element elementor-element-1f0abe4 e-con-full e-flex e-con e-child\" data-id=\"1f0abe4\" data-element_type=\"container\">\n\t\t\t\t<div class=\"elementor-element elementor-element-775ddc4 wd-width-100 elementor-widget elementor-widget-wd_title\" data-id=\"775ddc4\" data-element_type=\"widget\" data-widget_type=\"wd_title.default\">\n\t\t\t\t<div class=\"elementor-widget-container\">\n\t\t\t\t\t\t\t<div class=\"title-wrapper wd-set-mb reset-last-child wd-title-color-default wd-title-style-default wd-title-size-default text-left\">\n\n\t\t\t\n\t\t\t<div class=\"liner-continer\">\n\t\t\t\t<h3 class=\"woodmart-title-container title wd-fontsize-l\">Der Versand des Pakets<\/h3> \n\t\t\t\t\t\t\t<\/div>\n\n\t\t\t\t\t\t\t<div class=\"title-after_title reset-last-child wd-fontsize-xs\">\n\t\t\t\t\t<p>Die Pakete werden in der Regel nach Zahlungseingang innerhalb von 2 Werktagen versandt, sofern die Produkte sofort verf\u00fcgbar sind, und innerhalb von 7 bis 10 Tagen, wenn sie nicht sofort verf\u00fcgbar sind.<br \/>Personalisierte oder ma\u00dfgefertigte Produkte werden in der Regel innerhalb von 14 Tagen versandt, dies kann jedoch bis zu 25 Tage dauern oder die auf der Produktseite angegebenen Lieferfristen in Anspruch nehmen.<\/p><p>Die Sendungen werden je nach Fall dem Kurierdienst Mailbox oder einem anderen Transportunternehmen anvertraut und sind stets mit einem Code versehen, der eine korrekte Sendungsverfolgung und eine Zustellung gegen Unterschrift gew\u00e4hrleistet.<\/p><p>Die Versandkosten umfassen die Kosten f\u00fcr Bearbeitung und Verpackung sowie die Versandkosten. Die Versandkosten h\u00e4ngen von der Art der Artikel, den Personalisierungen und den Bestimmungsorten ab und werden immer im Warenkorb und vor der Zahlungsbest\u00e4tigung angezeigt.<br \/>Eventuelle Zusatzleistungen k\u00f6nnen bei der Bestellbest\u00e4tigung ausgew\u00e4hlt werden, und die entsprechenden Kosten werden in der Auswahl deutlich angegeben.<br \/>Bei falscher Adresse oder Abwesenheit kann bei unserem Kundenservice eine R\u00fccksendung gegen eine Geb\u00fchr von 20 \u20ac beantragt werden.<\/p>\t\t\t\t<\/div>\n\t\t\t\t\t<\/div>\n\t\t\t\t\t\t<\/div>\n\t\t\t\t<\/div>\n\t\t\t\t<div class=\"elementor-element elementor-element-071523a wd-width-100 elementor-widget elementor-widget-wd_title\" data-id=\"071523a\" data-element_type=\"widget\" data-widget_type=\"wd_title.default\">\n\t\t\t\t<div class=\"elementor-widget-container\">\n\t\t\t\t\t\t\t<div class=\"title-wrapper wd-set-mb reset-last-child wd-title-color-default wd-title-style-default wd-title-size-default text-left\">\n\n\t\t\t\n\t\t\t<div class=\"liner-continer\">\n\t\t\t\t<h4 class=\"woodmart-title-container title wd-fontsize-l\">Bedingungen<\/h4> \n\t\t\t\t\t\t\t<\/div>\n\n\t\t\t\t\t\t\t<div class=\"title-after_title reset-last-child wd-fontsize-xs\">\n\t\t\t\t\t<p>Bevor Sie eine R\u00fccksendung beantragen, beachten Sie bitte Folgendes: Wir akzeptieren R\u00fccksendungen per Mailbox-Kurier nur in demselben Zustand, in dem Sie die Ware erhalten haben.<\/p><p>F\u00fcr lebende Blumenprodukte ist eine R\u00fccksendung nicht m\u00f6glich.<br \/>Beantragen Sie die R\u00fccksendung bitte innerhalb von 10 Tagen per E-Mail.<\/p><p>Die Versandkosten f\u00fcr die R\u00fccksendung gehen zu Lasten des K\u00e4ufers, sofern kein Lieferfehler vorliegt.<\/p>\t\t\t\t<\/div>\n\t\t\t\t\t<\/div>\n\t\t\t\t\t\t<\/div>\n\t\t\t\t<\/div>\n\t\t\t\t<\/div>\n\t\t\t\t\t<\/div>\n\t\t\t\t<\/div>\n\t\t<div class=\"wd-negative-gap elementor-element elementor-element-8d6e09f e-flex e-con-boxed e-con e-parent\" data-id=\"8d6e09f\" data-element_type=\"container\">\n\t\t\t\t\t<div class=\"e-con-inner\">\n\t\t\t\t\t<\/div>\n\t\t\t\t<\/div>\n\t\t\t\t<\/div>\n\t\t","protected":false},"excerpt":{"rendered":"<p>Der Versand des Pakets Die Pakete werden in der Regel nach Zahlungseingang innerhalb von 2 Werktagen versandt, sofern die Produkte<\/p>\n","protected":false},"author":1,"featured_media":0,"parent":0,"menu_order":0,"comment_status":"closed","ping_status":"closed","template":"","meta":{"footnotes":""},"class_list":["post-32512","page","type-page","status-publish","hentry"],"yoast_head":"<!-- This site is optimized with the Yoast SEO plugin v27.2 - https:\/\/yoast.com\/product\/yoast-seo-wordpress\/ -->\n<title>Versand und R\u00fccksendungen - Villa Montecastello<\/title>\n<meta name=\"robots\" content=\"index, follow, max-snippet:-1, max-image-preview:large, max-video-preview:-1\" \/>\n<link rel=\"canonical\" href=\"https:\/\/www.montecastelli.com\/de\/versand-und-ruecksendungen\/\" \/>\n<meta property=\"og:locale\" content=\"de_DE\" \/>\n<meta property=\"og:type\" content=\"article\" \/>\n<meta property=\"og:title\" content=\"Versand und R\u00fccksendungen - Villa Montecastello\" \/>\n<meta property=\"og:description\" content=\"Der Versand des Pakets Die Pakete werden in der Regel nach Zahlungseingang innerhalb von 2 Werktagen versandt, sofern die Produkte\" \/>\n<meta property=\"og:url\" content=\"https:\/\/www.montecastelli.com\/de\/versand-und-ruecksendungen\/\" \/>\n<meta property=\"og:site_name\" content=\"Villa Montecastello\" \/>\n<meta property=\"article:modified_time\" content=\"2026-04-21T15:03:09+00:00\" \/>\n<meta property=\"og:image\" content=\"https:\/\/www.montecastelli.com\/wp-content\/uploads\/2026\/03\/fav-398x300-1.png\" \/>\n\t<meta property=\"og:image:width\" content=\"698\" \/>\n\t<meta property=\"og:image:height\" content=\"300\" \/>\n\t<meta property=\"og:image:type\" content=\"image\/png\" \/>\n<meta name=\"twitter:card\" content=\"summary_large_image\" \/>\n<meta name=\"twitter:label1\" content=\"Gesch\u00e4tzte Lesezeit\" \/>\n\t<meta name=\"twitter:data1\" content=\"1\u00a0Minute\" \/>\n<script type=\"application\/ld+json\" class=\"yoast-schema-graph\">{\"@context\":\"https:\/\/schema.org\",\"@graph\":[{\"@type\":\"WebPage\",\"@id\":\"https:\/\/www.montecastelli.com\/de\/versand-und-ruecksendungen\/\",\"url\":\"https:\/\/www.montecastelli.com\/de\/versand-und-ruecksendungen\/\",\"name\":\"Versand und R\u00fccksendungen - Villa Montecastello\",\"isPartOf\":{\"@id\":\"https:\/\/www.montecastelli.com\/de\/#website\"},\"datePublished\":\"2026-01-13T18:00:21+00:00\",\"dateModified\":\"2026-04-21T15:03:09+00:00\",\"breadcrumb\":{\"@id\":\"https:\/\/www.montecastelli.com\/de\/versand-und-ruecksendungen\/#breadcrumb\"},\"inLanguage\":\"de\",\"potentialAction\":[{\"@type\":\"ReadAction\",\"target\":[\"https:\/\/www.montecastelli.com\/de\/versand-und-ruecksendungen\/\"]}]},{\"@type\":\"BreadcrumbList\",\"@id\":\"https:\/\/www.montecastelli.com\/de\/versand-und-ruecksendungen\/#breadcrumb\",\"itemListElement\":[{\"@type\":\"ListItem\",\"position\":1,\"name\":\"Home\",\"item\":\"https:\/\/www.montecastelli.com\/de\/\"},{\"@type\":\"ListItem\",\"position\":2,\"name\":\"Versand und R\u00fccksendungen\"}]},{\"@type\":\"WebSite\",\"@id\":\"https:\/\/www.montecastelli.com\/de\/#website\",\"url\":\"https:\/\/www.montecastelli.com\/de\/\",\"name\":\"Villa Montecastello\",\"description\":\"a luxury Agriturismo for an authentic and unique experience in Tuscany\",\"publisher\":{\"@id\":\"https:\/\/www.montecastelli.com\/de\/#organization\"},\"potentialAction\":[{\"@type\":\"SearchAction\",\"target\":{\"@type\":\"EntryPoint\",\"urlTemplate\":\"https:\/\/www.montecastelli.com\/de\/?s={search_term_string}\"},\"query-input\":{\"@type\":\"PropertyValueSpecification\",\"valueRequired\":true,\"valueName\":\"search_term_string\"}}],\"inLanguage\":\"de\"},{\"@type\":\"Organization\",\"@id\":\"https:\/\/www.montecastelli.com\/de\/#organization\",\"name\":\"Villa Montecastello\",\"url\":\"https:\/\/www.montecastelli.com\/de\/\",\"logo\":{\"@type\":\"ImageObject\",\"inLanguage\":\"de\",\"@id\":\"https:\/\/www.montecastelli.com\/de\/#\/schema\/logo\/image\/\",\"url\":\"https:\/\/www.montecastelli.com\/wp-content\/uploads\/2026\/03\/fav-398x300-1.png\",\"contentUrl\":\"https:\/\/www.montecastelli.com\/wp-content\/uploads\/2026\/03\/fav-398x300-1.png\",\"width\":698,\"height\":300,\"caption\":\"Villa Montecastello\"},\"image\":{\"@id\":\"https:\/\/www.montecastelli.com\/de\/#\/schema\/logo\/image\/\"}}]}<\/script>\n<!-- \/ Yoast SEO plugin. -->","yoast_head_json":{"title":"Versand und R\u00fccksendungen - Villa Montecastello","robots":{"index":"index","follow":"follow","max-snippet":"max-snippet:-1","max-image-preview":"max-image-preview:large","max-video-preview":"max-video-preview:-1"},"canonical":"https:\/\/www.montecastelli.com\/de\/versand-und-ruecksendungen\/","og_locale":"de_DE","og_type":"article","og_title":"Versand und R\u00fccksendungen - Villa Montecastello","og_description":"Der Versand des Pakets Die Pakete werden in der Regel nach Zahlungseingang innerhalb von 2 Werktagen versandt, sofern die Produkte","og_url":"https:\/\/www.montecastelli.com\/de\/versand-und-ruecksendungen\/","og_site_name":"Villa Montecastello","article_modified_time":"2026-04-21T15:03:09+00:00","og_image":[{"width":698,"height":300,"url":"https:\/\/www.montecastelli.com\/wp-content\/uploads\/2026\/03\/fav-398x300-1.png","type":"image\/png"}],"twitter_card":"summary_large_image","twitter_misc":{"Gesch\u00e4tzte Lesezeit":"1\u00a0Minute"},"schema":{"@context":"https:\/\/schema.org","@graph":[{"@type":"WebPage","@id":"https:\/\/www.montecastelli.com\/de\/versand-und-ruecksendungen\/","url":"https:\/\/www.montecastelli.com\/de\/versand-und-ruecksendungen\/","name":"Versand und R\u00fccksendungen - Villa Montecastello","isPartOf":{"@id":"https:\/\/www.montecastelli.com\/de\/#website"},"datePublished":"2026-01-13T18:00:21+00:00","dateModified":"2026-04-21T15:03:09+00:00","breadcrumb":{"@id":"https:\/\/www.montecastelli.com\/de\/versand-und-ruecksendungen\/#breadcrumb"},"inLanguage":"de","potentialAction":[{"@type":"ReadAction","target":["https:\/\/www.montecastelli.com\/de\/versand-und-ruecksendungen\/"]}]},{"@type":"BreadcrumbList","@id":"https:\/\/www.montecastelli.com\/de\/versand-und-ruecksendungen\/#breadcrumb","itemListElement":[{"@type":"ListItem","position":1,"name":"Home","item":"https:\/\/www.montecastelli.com\/de\/"},{"@type":"ListItem","position":2,"name":"Versand und R\u00fccksendungen"}]},{"@type":"WebSite","@id":"https:\/\/www.montecastelli.com\/de\/#website","url":"https:\/\/www.montecastelli.com\/de\/","name":"Villa Montecastello","description":"a luxury Agriturismo for an authentic and unique experience in Tuscany","publisher":{"@id":"https:\/\/www.montecastelli.com\/de\/#organization"},"potentialAction":[{"@type":"SearchAction","target":{"@type":"EntryPoint","urlTemplate":"https:\/\/www.montecastelli.com\/de\/?s={search_term_string}"},"query-input":{"@type":"PropertyValueSpecification","valueRequired":true,"valueName":"search_term_string"}}],"inLanguage":"de"},{"@type":"Organization","@id":"https:\/\/www.montecastelli.com\/de\/#organization","name":"Villa Montecastello","url":"https:\/\/www.montecastelli.com\/de\/","logo":{"@type":"ImageObject","inLanguage":"de","@id":"https:\/\/www.montecastelli.com\/de\/#\/schema\/logo\/image\/","url":"https:\/\/www.montecastelli.com\/wp-content\/uploads\/2026\/03\/fav-398x300-1.png","contentUrl":"https:\/\/www.montecastelli.com\/wp-content\/uploads\/2026\/03\/fav-398x300-1.png","width":698,"height":300,"caption":"Villa Montecastello"},"image":{"@id":"https:\/\/www.montecastelli.com\/de\/#\/schema\/logo\/image\/"}}]}},"_links":{"self":[{"href":"https:\/\/www.montecastelli.com\/de\/wp-json\/wp\/v2\/pages\/32512","targetHints":{"allow":["GET"]}}],"collection":[{"href":"https:\/\/www.montecastelli.com\/de\/wp-json\/wp\/v2\/pages"}],"about":[{"href":"https:\/\/www.montecastelli.com\/de\/wp-json\/wp\/v2\/types\/page"}],"author":[{"embeddable":true,"href":"https:\/\/www.montecastelli.com\/de\/wp-json\/wp\/v2\/users\/1"}],"replies":[{"embeddable":true,"href":"https:\/\/www.montecastelli.com\/de\/wp-json\/wp\/v2\/comments?post=32512"}],"version-history":[{"count":10,"href":"https:\/\/www.montecastelli.com\/de\/wp-json\/wp\/v2\/pages\/32512\/revisions"}],"predecessor-version":[{"id":34139,"href":"https:\/\/www.montecastelli.com\/de\/wp-json\/wp\/v2\/pages\/32512\/revisions\/34139"}],"wp:attachment":[{"href":"https:\/\/www.montecastelli.com\/de\/wp-json\/wp\/v2\/media?parent=32512"}],"curies":[{"name":"wp","href":"https:\/\/api.w.org\/{rel}","templated":true}]}}