{"id":31731,"date":"2025-12-23T10:25:19","date_gmt":"2025-12-23T10:25:19","guid":{"rendered":"https:\/\/www.montecastelli.it\/prodotto\/aceto-balsamico-di-modena-igp-etichetta-bronzo-025l\/"},"modified":"2026-03-09T15:28:22","modified_gmt":"2026-03-09T15:28:22","slug":"aceto-balsamico-di-modena-igp-etichetta-bronzo-025l","status":"publish","type":"product","link":"https:\/\/www.montecastelli.com\/de\/prodotto\/aceto-balsamico-di-modena-igp-etichetta-bronzo-025l\/","title":{"rendered":"Aceto Balsamico di Modena IGP Etichetta Bronzo 0,25L"},"content":{"rendered":"\t\t<div data-elementor-type=\"wp-post\" data-elementor-id=\"31731\" class=\"elementor elementor-31731 elementor-29554\">\n\t\t\t\t<div class=\"wd-negative-gap elementor-element elementor-element-77efb82 e-flex e-con-boxed e-con e-parent\" data-id=\"77efb82\" data-element_type=\"container\">\n\t\t\t\t\t<div class=\"e-con-inner\">\n\t\t\t\t<div class=\"elementor-element elementor-element-f0ec461 elementor-widget__width-initial elementor-widget elementor-widget-wd_text_block\" data-id=\"f0ec461\" data-element_type=\"widget\" data-widget_type=\"wd_text_block.default\">\n\t\t\t\t<div class=\"elementor-widget-container\">\n\t\t\t\t\t\t\t<div class=\"wd-text-block reset-last-child text-left\">\n\t\t\t\n\t\t\t<h2>Essig<\/h2><h3><span style=\"font-size: 16px; white-space-collapse: collapse; background-color: transparent; color: #767676;\">Die Acetaia Delizia Estense befindet sich in Montegibbio, auf den ersten H\u00fcgeln von Sassuolo, 350 Meter \u00fcber dem Meeresspiegel. Hier, neben einem englischen Garten und einem jahrhundertealten Wald, finden unsere Trebbiano- und Grasparossa-Reben im marnischen, s\u00fcdwestlich gelegenen Boden den idealen Lebensraum f\u00fcr ein perfektes Wachstum.<\/span><\/h3>\n\t\t\t\t\t<\/div>\n\t\t\t\t\t\t<\/div>\n\t\t\t\t<\/div>\n\t\t\t\t<div class=\"elementor-element elementor-element-6944a65 elementor-widget__width-initial elementor-widget elementor-widget-wd_image_or_svg\" data-id=\"6944a65\" data-element_type=\"widget\" data-widget_type=\"wd_image_or_svg.default\">\n\t\t\t\t<div class=\"elementor-widget-container\">\n\t\t\t\t\t\n\t\t<div class=\"wd-image text-left\">\n\t\t\t\t\t\t\t\t<img loading=\"lazy\" decoding=\"async\" width=\"400\" height=\"283\" src=\"https:\/\/www.montecastelli.com\/wp-content\/uploads\/2025\/12\/delizia-estensie-aceto-balsamico-di-modena-etichetta-bronzo-250ml-5-400x283.jpg\" class=\"attachment-medium size-medium\" alt=\"botte delizia estense\" srcset=\"https:\/\/www.montecastelli.com\/wp-content\/uploads\/2025\/12\/delizia-estensie-aceto-balsamico-di-modena-etichetta-bronzo-250ml-5-400x283.jpg 400w, https:\/\/www.montecastelli.com\/wp-content\/uploads\/2025\/12\/delizia-estensie-aceto-balsamico-di-modena-etichetta-bronzo-250ml-5-430x304.jpg 430w, https:\/\/www.montecastelli.com\/wp-content\/uploads\/2025\/12\/delizia-estensie-aceto-balsamico-di-modena-etichetta-bronzo-250ml-5-150x106.jpg 150w, https:\/\/www.montecastelli.com\/wp-content\/uploads\/2025\/12\/delizia-estensie-aceto-balsamico-di-modena-etichetta-bronzo-250ml-5-700x495.jpg 700w, https:\/\/www.montecastelli.com\/wp-content\/uploads\/2025\/12\/delizia-estensie-aceto-balsamico-di-modena-etichetta-bronzo-250ml-5-768x543.jpg 768w, https:\/\/www.montecastelli.com\/wp-content\/uploads\/2025\/12\/delizia-estensie-aceto-balsamico-di-modena-etichetta-bronzo-250ml-5.jpg 793w\" sizes=\"auto, (max-width: 400px) 100vw, 400px\" \/>\t\t\t\t\t<\/div>\n\n\t\t\t\t\t\t<\/div>\n\t\t\t\t<\/div>\n\t\t\t\t\t<\/div>\n\t\t\t\t<\/div>\n\t\t\t\t<\/div>\n\t\t","protected":false},"excerpt":{"rendered":"<div id=\"product-description-short-43\">\n<div id=\"product-description-short-33\">\n<p style=\"font-weight: 400;\">Der Balsamico-Essig der Familie Bertoni aus Modena wurde in der h\u00f6chst gelegen Essigkeller der Welt, in den H\u00fcgeln von Montegibbio gesch\u00f6pft. Hergestellt ausschlie\u00dflich auf biologische Weise mit Trauben von Trebbiano und Grasparossa. Das Bronzeetikett steht f\u00fcr eine Dichte von 1,16.<\/p>\n<\/div>\n<div class=\"product-actions\">\n<form id=\"add-to-cart-or-refresh\" action=\"https:\/\/shop.montecastelli.com\/it\/carrello\" method=\"post\">\n<div class=\"product-variants\">\n<p class=\"h6 product-discounts-title\">Mengenrabatt<\/p>\n<table class=\"table-product-discounts\">\n<thead>\n<tr>\n<th>Menge<\/th>\n<th>Rabatt auf St\u00fcckzahl<\/th>\n<th>Sie sparen<\/th>\n<\/tr>\n<\/thead>\n<tbody>\n<tr data-discount-type=\"amount\" data-discount=\"1.5\" data-discount-quantity=\"3\">\n<td>3<\/td>\n<td>1,50\u00a0\u20ac<\/td>\n<td>4,50\u00a0\u20ac<\/td>\n<\/tr>\n<tr data-discount-type=\"amount\" data-discount=\"2\" data-discount-quantity=\"6\">\n<td>6<\/td>\n<td>2,00\u00a0\u20ac<\/td>\n<td>12,00\u00a0\u20ac<\/td>\n<\/tr>\n<tr data-discount-type=\"amount\" data-discount=\"3\" data-discount-quantity=\"12\">\n<td>12<\/td>\n<td>3,00\u00a0\u20ac<\/td>\n<td>36,00\u00a0\u20ac<\/td>\n<\/tr>\n<\/tbody>\n<\/table>\n<\/div>\n<section class=\"product-discounts\"><\/section>\n<\/form>\n<\/div>\n<\/div>\n","protected":false},"featured_media":31733,"comment_status":"open","ping_status":"closed","template":"","meta":[],"product_brand":[],"product_cat":[109],"product_tag":[],"class_list":{"0":"post-31731","1":"product","2":"type-product","3":"status-publish","4":"has-post-thumbnail","6":"product_cat-essig","8":"first","9":"instock","10":"taxable","11":"shipping-taxable","12":"purchasable","13":"product-type-simple"},"yoast_head":"<!-- This site is optimized with the Yoast SEO plugin v27.2 - https:\/\/yoast.com\/product\/yoast-seo-wordpress\/ -->\n<title>Aceto Balsamico di Modena IGP Etichetta Bronzo 0,25L - Villa Montecastello<\/title>\n<meta name=\"robots\" content=\"index, follow, max-snippet:-1, max-image-preview:large, max-video-preview:-1\" \/>\n<link rel=\"canonical\" href=\"https:\/\/www.montecastelli.com\/de\/prodotto\/aceto-balsamico-di-modena-igp-etichetta-bronzo-025l\/\" \/>\n<meta property=\"og:locale\" content=\"de_DE\" \/>\n<meta property=\"og:type\" content=\"article\" \/>\n<meta property=\"og:title\" content=\"Aceto Balsamico di Modena IGP Etichetta Bronzo 0,25L - Villa Montecastello\" \/>\n<meta property=\"og:description\" content=\"Der Balsamico-Essig der Familie Bertoni aus Modena wurde in der h\u00f6chst gelegen Essigkeller der Welt, in den H\u00fcgeln von Montegibbio gesch\u00f6pft. Hergestellt ausschlie\u00dflich auf biologische Weise mit Trauben von Trebbiano und Grasparossa. Das Bronzeetikett steht f\u00fcr eine Dichte von 1,16.     Mengenrabatt     Menge Rabatt auf St\u00fcckzahl Sie sparen     3 1,50\u00a0\u20ac 4,50\u00a0\u20ac   6 2,00\u00a0\u20ac 12,00\u00a0\u20ac   12 3,00\u00a0\u20ac 36,00\u00a0\u20ac\" \/>\n<meta property=\"og:url\" content=\"https:\/\/www.montecastelli.com\/de\/prodotto\/aceto-balsamico-di-modena-igp-etichetta-bronzo-025l\/\" \/>\n<meta property=\"og:site_name\" content=\"Villa Montecastello\" \/>\n<meta property=\"article:modified_time\" content=\"2026-03-09T15:28:22+00:00\" \/>\n<meta property=\"og:image\" content=\"https:\/\/www.montecastelli.com\/wp-content\/uploads\/2025\/12\/delizia-estensie-aceto-balsamico-di-modena-etichetta-bronzo-250ml.webp\" \/>\n\t<meta property=\"og:image:width\" content=\"700\" \/>\n\t<meta property=\"og:image:height\" content=\"800\" \/>\n\t<meta property=\"og:image:type\" content=\"image\/webp\" \/>\n<meta name=\"twitter:card\" content=\"summary_large_image\" \/>\n<script type=\"application\/ld+json\" class=\"yoast-schema-graph\">{\"@context\":\"https:\/\/schema.org\",\"@graph\":[{\"@type\":\"WebPage\",\"@id\":\"https:\/\/www.montecastelli.com\/de\/prodotto\/aceto-balsamico-di-modena-igp-etichetta-bronzo-025l\/\",\"url\":\"https:\/\/www.montecastelli.com\/de\/prodotto\/aceto-balsamico-di-modena-igp-etichetta-bronzo-025l\/\",\"name\":\"Aceto Balsamico di Modena IGP Etichetta Bronzo 0,25L - Villa Montecastello\",\"isPartOf\":{\"@id\":\"https:\/\/www.montecastelli.com\/de\/#website\"},\"primaryImageOfPage\":{\"@id\":\"https:\/\/www.montecastelli.com\/de\/prodotto\/aceto-balsamico-di-modena-igp-etichetta-bronzo-025l\/#primaryimage\"},\"image\":{\"@id\":\"https:\/\/www.montecastelli.com\/de\/prodotto\/aceto-balsamico-di-modena-igp-etichetta-bronzo-025l\/#primaryimage\"},\"thumbnailUrl\":\"https:\/\/www.montecastelli.com\/wp-content\/uploads\/2025\/12\/delizia-estensie-aceto-balsamico-di-modena-etichetta-bronzo-250ml.webp\",\"datePublished\":\"2025-12-23T10:25:19+00:00\",\"dateModified\":\"2026-03-09T15:28:22+00:00\",\"breadcrumb\":{\"@id\":\"https:\/\/www.montecastelli.com\/de\/prodotto\/aceto-balsamico-di-modena-igp-etichetta-bronzo-025l\/#breadcrumb\"},\"inLanguage\":\"de\",\"potentialAction\":[{\"@type\":\"ReadAction\",\"target\":[\"https:\/\/www.montecastelli.com\/de\/prodotto\/aceto-balsamico-di-modena-igp-etichetta-bronzo-025l\/\"]}]},{\"@type\":\"ImageObject\",\"inLanguage\":\"de\",\"@id\":\"https:\/\/www.montecastelli.com\/de\/prodotto\/aceto-balsamico-di-modena-igp-etichetta-bronzo-025l\/#primaryimage\",\"url\":\"https:\/\/www.montecastelli.com\/wp-content\/uploads\/2025\/12\/delizia-estensie-aceto-balsamico-di-modena-etichetta-bronzo-250ml.webp\",\"contentUrl\":\"https:\/\/www.montecastelli.com\/wp-content\/uploads\/2025\/12\/delizia-estensie-aceto-balsamico-di-modena-etichetta-bronzo-250ml.webp\",\"width\":700,\"height\":800,\"caption\":\"delizia estensie aceto balsamico modena etichetta bronzo 250ml\"},{\"@type\":\"BreadcrumbList\",\"@id\":\"https:\/\/www.montecastelli.com\/de\/prodotto\/aceto-balsamico-di-modena-igp-etichetta-bronzo-025l\/#breadcrumb\",\"itemListElement\":[{\"@type\":\"ListItem\",\"position\":1,\"name\":\"Home\",\"item\":\"https:\/\/www.montecastelli.com\/de\/\"},{\"@type\":\"ListItem\",\"position\":2,\"name\":\"Shop\",\"item\":\"https:\/\/www.montecastelli.com\/shop\/\"},{\"@type\":\"ListItem\",\"position\":3,\"name\":\"Aceto Balsamico di Modena IGP Etichetta Bronzo 0,25L\"}]},{\"@type\":\"WebSite\",\"@id\":\"https:\/\/www.montecastelli.com\/de\/#website\",\"url\":\"https:\/\/www.montecastelli.com\/de\/\",\"name\":\"Villa Montecastello\",\"description\":\"a luxury Agriturismo for an authentic and unique experience in Tuscany\",\"publisher\":{\"@id\":\"https:\/\/www.montecastelli.com\/de\/#organization\"},\"potentialAction\":[{\"@type\":\"SearchAction\",\"target\":{\"@type\":\"EntryPoint\",\"urlTemplate\":\"https:\/\/www.montecastelli.com\/de\/?s={search_term_string}\"},\"query-input\":{\"@type\":\"PropertyValueSpecification\",\"valueRequired\":true,\"valueName\":\"search_term_string\"}}],\"inLanguage\":\"de\"},{\"@type\":\"Organization\",\"@id\":\"https:\/\/www.montecastelli.com\/de\/#organization\",\"name\":\"Villa Montecastello\",\"url\":\"https:\/\/www.montecastelli.com\/de\/\",\"logo\":{\"@type\":\"ImageObject\",\"inLanguage\":\"de\",\"@id\":\"https:\/\/www.montecastelli.com\/de\/#\/schema\/logo\/image\/\",\"url\":\"https:\/\/www.montecastelli.com\/wp-content\/uploads\/2026\/03\/fav-398x300-1.png\",\"contentUrl\":\"https:\/\/www.montecastelli.com\/wp-content\/uploads\/2026\/03\/fav-398x300-1.png\",\"width\":698,\"height\":300,\"caption\":\"Villa Montecastello\"},\"image\":{\"@id\":\"https:\/\/www.montecastelli.com\/de\/#\/schema\/logo\/image\/\"}}]}<\/script>\n<!-- \/ Yoast SEO plugin. -->","yoast_head_json":{"title":"Aceto Balsamico di Modena IGP Etichetta Bronzo 0,25L - Villa Montecastello","robots":{"index":"index","follow":"follow","max-snippet":"max-snippet:-1","max-image-preview":"max-image-preview:large","max-video-preview":"max-video-preview:-1"},"canonical":"https:\/\/www.montecastelli.com\/de\/prodotto\/aceto-balsamico-di-modena-igp-etichetta-bronzo-025l\/","og_locale":"de_DE","og_type":"article","og_title":"Aceto Balsamico di Modena IGP Etichetta Bronzo 0,25L - Villa Montecastello","og_description":"Der Balsamico-Essig der Familie Bertoni aus Modena wurde in der h\u00f6chst gelegen Essigkeller der Welt, in den H\u00fcgeln von Montegibbio gesch\u00f6pft. Hergestellt ausschlie\u00dflich auf biologische Weise mit Trauben von Trebbiano und Grasparossa. Das Bronzeetikett steht f\u00fcr eine Dichte von 1,16.     Mengenrabatt     Menge Rabatt auf St\u00fcckzahl Sie sparen     3 1,50\u00a0\u20ac 4,50\u00a0\u20ac   6 2,00\u00a0\u20ac 12,00\u00a0\u20ac   12 3,00\u00a0\u20ac 36,00\u00a0\u20ac","og_url":"https:\/\/www.montecastelli.com\/de\/prodotto\/aceto-balsamico-di-modena-igp-etichetta-bronzo-025l\/","og_site_name":"Villa Montecastello","article_modified_time":"2026-03-09T15:28:22+00:00","og_image":[{"width":700,"height":800,"url":"https:\/\/www.montecastelli.com\/wp-content\/uploads\/2025\/12\/delizia-estensie-aceto-balsamico-di-modena-etichetta-bronzo-250ml.webp","type":"image\/webp"}],"twitter_card":"summary_large_image","schema":{"@context":"https:\/\/schema.org","@graph":[{"@type":"WebPage","@id":"https:\/\/www.montecastelli.com\/de\/prodotto\/aceto-balsamico-di-modena-igp-etichetta-bronzo-025l\/","url":"https:\/\/www.montecastelli.com\/de\/prodotto\/aceto-balsamico-di-modena-igp-etichetta-bronzo-025l\/","name":"Aceto Balsamico di Modena IGP Etichetta Bronzo 0,25L - Villa Montecastello","isPartOf":{"@id":"https:\/\/www.montecastelli.com\/de\/#website"},"primaryImageOfPage":{"@id":"https:\/\/www.montecastelli.com\/de\/prodotto\/aceto-balsamico-di-modena-igp-etichetta-bronzo-025l\/#primaryimage"},"image":{"@id":"https:\/\/www.montecastelli.com\/de\/prodotto\/aceto-balsamico-di-modena-igp-etichetta-bronzo-025l\/#primaryimage"},"thumbnailUrl":"https:\/\/www.montecastelli.com\/wp-content\/uploads\/2025\/12\/delizia-estensie-aceto-balsamico-di-modena-etichetta-bronzo-250ml.webp","datePublished":"2025-12-23T10:25:19+00:00","dateModified":"2026-03-09T15:28:22+00:00","breadcrumb":{"@id":"https:\/\/www.montecastelli.com\/de\/prodotto\/aceto-balsamico-di-modena-igp-etichetta-bronzo-025l\/#breadcrumb"},"inLanguage":"de","potentialAction":[{"@type":"ReadAction","target":["https:\/\/www.montecastelli.com\/de\/prodotto\/aceto-balsamico-di-modena-igp-etichetta-bronzo-025l\/"]}]},{"@type":"ImageObject","inLanguage":"de","@id":"https:\/\/www.montecastelli.com\/de\/prodotto\/aceto-balsamico-di-modena-igp-etichetta-bronzo-025l\/#primaryimage","url":"https:\/\/www.montecastelli.com\/wp-content\/uploads\/2025\/12\/delizia-estensie-aceto-balsamico-di-modena-etichetta-bronzo-250ml.webp","contentUrl":"https:\/\/www.montecastelli.com\/wp-content\/uploads\/2025\/12\/delizia-estensie-aceto-balsamico-di-modena-etichetta-bronzo-250ml.webp","width":700,"height":800,"caption":"delizia estensie aceto balsamico modena etichetta bronzo 250ml"},{"@type":"BreadcrumbList","@id":"https:\/\/www.montecastelli.com\/de\/prodotto\/aceto-balsamico-di-modena-igp-etichetta-bronzo-025l\/#breadcrumb","itemListElement":[{"@type":"ListItem","position":1,"name":"Home","item":"https:\/\/www.montecastelli.com\/de\/"},{"@type":"ListItem","position":2,"name":"Shop","item":"https:\/\/www.montecastelli.com\/shop\/"},{"@type":"ListItem","position":3,"name":"Aceto Balsamico di Modena IGP Etichetta Bronzo 0,25L"}]},{"@type":"WebSite","@id":"https:\/\/www.montecastelli.com\/de\/#website","url":"https:\/\/www.montecastelli.com\/de\/","name":"Villa Montecastello","description":"a luxury Agriturismo for an authentic and unique experience in Tuscany","publisher":{"@id":"https:\/\/www.montecastelli.com\/de\/#organization"},"potentialAction":[{"@type":"SearchAction","target":{"@type":"EntryPoint","urlTemplate":"https:\/\/www.montecastelli.com\/de\/?s={search_term_string}"},"query-input":{"@type":"PropertyValueSpecification","valueRequired":true,"valueName":"search_term_string"}}],"inLanguage":"de"},{"@type":"Organization","@id":"https:\/\/www.montecastelli.com\/de\/#organization","name":"Villa Montecastello","url":"https:\/\/www.montecastelli.com\/de\/","logo":{"@type":"ImageObject","inLanguage":"de","@id":"https:\/\/www.montecastelli.com\/de\/#\/schema\/logo\/image\/","url":"https:\/\/www.montecastelli.com\/wp-content\/uploads\/2026\/03\/fav-398x300-1.png","contentUrl":"https:\/\/www.montecastelli.com\/wp-content\/uploads\/2026\/03\/fav-398x300-1.png","width":698,"height":300,"caption":"Villa Montecastello"},"image":{"@id":"https:\/\/www.montecastelli.com\/de\/#\/schema\/logo\/image\/"}}]}},"_links":{"self":[{"href":"https:\/\/www.montecastelli.com\/de\/wp-json\/wp\/v2\/product\/31731","targetHints":{"allow":["GET"]}}],"collection":[{"href":"https:\/\/www.montecastelli.com\/de\/wp-json\/wp\/v2\/product"}],"about":[{"href":"https:\/\/www.montecastelli.com\/de\/wp-json\/wp\/v2\/types\/product"}],"replies":[{"embeddable":true,"href":"https:\/\/www.montecastelli.com\/de\/wp-json\/wp\/v2\/comments?post=31731"}],"version-history":[{"count":4,"href":"https:\/\/www.montecastelli.com\/de\/wp-json\/wp\/v2\/product\/31731\/revisions"}],"predecessor-version":[{"id":31917,"href":"https:\/\/www.montecastelli.com\/de\/wp-json\/wp\/v2\/product\/31731\/revisions\/31917"}],"wp:featuredmedia":[{"embeddable":true,"href":"https:\/\/www.montecastelli.com\/de\/wp-json\/wp\/v2\/media\/31733"}],"wp:attachment":[{"href":"https:\/\/www.montecastelli.com\/de\/wp-json\/wp\/v2\/media?parent=31731"}],"wp:term":[{"taxonomy":"product_brand","embeddable":true,"href":"https:\/\/www.montecastelli.com\/de\/wp-json\/wp\/v2\/product_brand?post=31731"},{"taxonomy":"product_cat","embeddable":true,"href":"https:\/\/www.montecastelli.com\/de\/wp-json\/wp\/v2\/product_cat?post=31731"},{"taxonomy":"product_tag","embeddable":true,"href":"https:\/\/www.montecastelli.com\/de\/wp-json\/wp\/v2\/product_tag?post=31731"}],"curies":[{"name":"wp","href":"https:\/\/api.w.org\/{rel}","templated":true}]}}