{"id":31740,"date":"2025-12-23T09:56:06","date_gmt":"2025-12-23T09:56:06","guid":{"rendered":"https:\/\/www.montecastelli.it\/prodotto\/flos-salis-coccio-340-gr\/"},"modified":"2026-03-09T15:31:20","modified_gmt":"2026-03-09T15:31:20","slug":"flos-salis-coccio-340-gr","status":"publish","type":"product","link":"https:\/\/www.montecastelli.com\/de\/prodotto\/flos-salis-coccio-340-gr\/","title":{"rendered":"Flos Salis coccio 340 gr"},"content":{"rendered":"\t\t<div data-elementor-type=\"wp-post\" data-elementor-id=\"31740\" class=\"elementor elementor-31740 elementor-29536\">\n\t\t\t\t<div class=\"wd-negative-gap elementor-element elementor-element-77efb82 e-flex e-con-boxed e-con e-parent\" data-id=\"77efb82\" data-element_type=\"container\">\n\t\t\t\t\t<div class=\"e-con-inner\">\n\t\t\t\t<div class=\"elementor-element elementor-element-f0ec461 elementor-widget__width-initial elementor-widget elementor-widget-wd_text_block\" data-id=\"f0ec461\" data-element_type=\"widget\" data-widget_type=\"wd_text_block.default\">\n\t\t\t\t<div class=\"elementor-widget-container\">\n\t\t\t\t\t\t\t<div class=\"wd-text-block reset-last-child text-left\">\n\t\t\t\n\t\t\t<h2>FLOR DE SAL<\/h2><p style=\"font-weight: 400;\">Dies ist ohne Zweifel eines der besten Salze der Welt in seiner Reinheit und Energie. Reinheit garantiert das Naturschutzgebiet Ria Formosa und Sapal do Castro Marim. Die von der Sonne aufgenommene Energie ist fast kosmisch. Finishing-Salz f\u00fcr Rohkost, feines Fleisch und Nachspeisen.<\/p>\n\t\t\t\t\t<\/div>\n\t\t\t\t\t\t<\/div>\n\t\t\t\t<\/div>\n\t\t\t\t<div class=\"elementor-element elementor-element-6944a65 elementor-widget__width-initial elementor-widget elementor-widget-wd_image_or_svg\" data-id=\"6944a65\" data-element_type=\"widget\" data-widget_type=\"wd_image_or_svg.default\">\n\t\t\t\t<div class=\"elementor-widget-container\">\n\t\t\t\t\t\n\t\t<div class=\"wd-image text-left\">\n\t\t\t\t\t\t\t\t<img loading=\"lazy\" decoding=\"async\" width=\"300\" height=\"300\" src=\"https:\/\/www.montecastelli.com\/wp-content\/uploads\/2025\/12\/flos-salis-300x300.jpg\" class=\"attachment-medium size-medium\" alt=\"flos salis marisol\" srcset=\"https:\/\/www.montecastelli.com\/wp-content\/uploads\/2025\/12\/flos-salis-300x300.jpg 300w, https:\/\/www.montecastelli.com\/wp-content\/uploads\/2025\/12\/flos-salis-430x430.jpg 430w, https:\/\/www.montecastelli.com\/wp-content\/uploads\/2025\/12\/flos-salis-150x150.jpg 150w, https:\/\/www.montecastelli.com\/wp-content\/uploads\/2025\/12\/flos-salis-700x700.jpg 700w, https:\/\/www.montecastelli.com\/wp-content\/uploads\/2025\/12\/flos-salis-800x800.jpg 800w, https:\/\/www.montecastelli.com\/wp-content\/uploads\/2025\/12\/flos-salis-768x768.jpg 768w, https:\/\/www.montecastelli.com\/wp-content\/uploads\/2025\/12\/flos-salis.jpg 1000w\" sizes=\"auto, (max-width: 300px) 100vw, 300px\" \/>\t\t\t\t\t<\/div>\n\n\t\t\t\t\t\t<\/div>\n\t\t\t\t<\/div>\n\t\t\t\t\t<\/div>\n\t\t\t\t<\/div>\n\t\t\t\t<\/div>\n\t\t","protected":false},"excerpt":{"rendered":"<div id=\"product-description-short-38\">\n<p style=\"font-weight: 400;\">Produziert in den Salinen der Algarve, Portugal. Handgeharktes Produkt aus den ersten Kristallisationen der s\u00fc\u00dfesten und wertvollsten Mineralien.<\/p>\n<\/div>\n<div class=\"product-actions\">\n<form id=\"add-to-cart-or-refresh\" action=\"https:\/\/shop.montecastelli.com\/it\/carrello\" method=\"post\">\n<div class=\"product-variants\">\n<p class=\"h6 product-discounts-title\">Mengenrabatt<\/p>\n<table class=\"table-product-discounts\">\n<thead>\n<tr>\n<th>Menge<\/th>\n<th>Rabatt auf St\u00fcckzahl<\/th>\n<th>Sie sparen<\/th>\n<\/tr>\n<\/thead>\n<tbody>\n<tr data-discount-type=\"amount\" data-discount=\"3\" data-discount-quantity=\"3\">\n<td>3<\/td>\n<td>3,00\u00a0\u20ac<\/td>\n<td>9,00\u00a0\u20ac<\/td>\n<\/tr>\n<tr data-discount-type=\"amount\" data-discount=\"5\" data-discount-quantity=\"6\">\n<td>6<\/td>\n<td>5,00\u00a0\u20ac<\/td>\n<td>30,00\u00a0\u20ac<\/td>\n<\/tr>\n<\/tbody>\n<\/table>\n<\/div>\n<section class=\"product-discounts\"><\/section>\n<\/form>\n<\/div>\n","protected":false},"featured_media":31742,"comment_status":"open","ping_status":"closed","template":"","meta":[],"product_brand":[],"product_cat":[112],"product_tag":[],"class_list":{"0":"post-31740","1":"product","2":"type-product","3":"status-publish","4":"has-post-thumbnail","6":"product_cat-salz","8":"first","9":"instock","10":"taxable","11":"shipping-taxable","12":"purchasable","13":"product-type-simple"},"yoast_head":"<!-- This site is optimized with the Yoast SEO plugin v27.2 - https:\/\/yoast.com\/product\/yoast-seo-wordpress\/ -->\n<title>Flos Salis coccio 340 gr - Villa Montecastello<\/title>\n<meta name=\"robots\" content=\"index, follow, max-snippet:-1, max-image-preview:large, max-video-preview:-1\" \/>\n<link rel=\"canonical\" href=\"https:\/\/www.montecastelli.com\/de\/prodotto\/flos-salis-coccio-340-gr\/\" \/>\n<meta property=\"og:locale\" content=\"de_DE\" \/>\n<meta property=\"og:type\" content=\"article\" \/>\n<meta property=\"og:title\" content=\"Flos Salis coccio 340 gr - Villa Montecastello\" \/>\n<meta property=\"og:description\" content=\"Produziert in den Salinen der Algarve, Portugal. Handgeharktes Produkt aus den ersten Kristallisationen der s\u00fc\u00dfesten und wertvollsten Mineralien.     Mengenrabatt     Menge Rabatt auf St\u00fcckzahl Sie sparen     3 3,00\u00a0\u20ac 9,00\u00a0\u20ac   6 5,00\u00a0\u20ac 30,00\u00a0\u20ac\" \/>\n<meta property=\"og:url\" content=\"https:\/\/www.montecastelli.com\/de\/prodotto\/flos-salis-coccio-340-gr\/\" \/>\n<meta property=\"og:site_name\" content=\"Villa Montecastello\" \/>\n<meta property=\"article:modified_time\" content=\"2026-03-09T15:31:20+00:00\" \/>\n<meta property=\"og:image\" content=\"https:\/\/www.montecastelli.com\/wp-content\/uploads\/2025\/12\/foto-prodotto-villa-castello-copia.webp\" \/>\n\t<meta property=\"og:image:width\" content=\"700\" \/>\n\t<meta property=\"og:image:height\" content=\"800\" \/>\n\t<meta property=\"og:image:type\" content=\"image\/webp\" \/>\n<meta name=\"twitter:card\" content=\"summary_large_image\" \/>\n<script type=\"application\/ld+json\" class=\"yoast-schema-graph\">{\"@context\":\"https:\/\/schema.org\",\"@graph\":[{\"@type\":\"WebPage\",\"@id\":\"https:\/\/www.montecastelli.com\/de\/prodotto\/flos-salis-coccio-340-gr\/\",\"url\":\"https:\/\/www.montecastelli.com\/de\/prodotto\/flos-salis-coccio-340-gr\/\",\"name\":\"Flos Salis coccio 340 gr - Villa Montecastello\",\"isPartOf\":{\"@id\":\"https:\/\/www.montecastelli.com\/de\/#website\"},\"primaryImageOfPage\":{\"@id\":\"https:\/\/www.montecastelli.com\/de\/prodotto\/flos-salis-coccio-340-gr\/#primaryimage\"},\"image\":{\"@id\":\"https:\/\/www.montecastelli.com\/de\/prodotto\/flos-salis-coccio-340-gr\/#primaryimage\"},\"thumbnailUrl\":\"https:\/\/www.montecastelli.com\/wp-content\/uploads\/2025\/12\/foto-prodotto-villa-castello-copia.webp\",\"datePublished\":\"2025-12-23T09:56:06+00:00\",\"dateModified\":\"2026-03-09T15:31:20+00:00\",\"breadcrumb\":{\"@id\":\"https:\/\/www.montecastelli.com\/de\/prodotto\/flos-salis-coccio-340-gr\/#breadcrumb\"},\"inLanguage\":\"de\",\"potentialAction\":[{\"@type\":\"ReadAction\",\"target\":[\"https:\/\/www.montecastelli.com\/de\/prodotto\/flos-salis-coccio-340-gr\/\"]}]},{\"@type\":\"ImageObject\",\"inLanguage\":\"de\",\"@id\":\"https:\/\/www.montecastelli.com\/de\/prodotto\/flos-salis-coccio-340-gr\/#primaryimage\",\"url\":\"https:\/\/www.montecastelli.com\/wp-content\/uploads\/2025\/12\/foto-prodotto-villa-castello-copia.webp\",\"contentUrl\":\"https:\/\/www.montecastelli.com\/wp-content\/uploads\/2025\/12\/foto-prodotto-villa-castello-copia.webp\",\"width\":700,\"height\":800,\"caption\":\"flos salis marisol img prodotto\"},{\"@type\":\"BreadcrumbList\",\"@id\":\"https:\/\/www.montecastelli.com\/de\/prodotto\/flos-salis-coccio-340-gr\/#breadcrumb\",\"itemListElement\":[{\"@type\":\"ListItem\",\"position\":1,\"name\":\"Home\",\"item\":\"https:\/\/www.montecastelli.com\/de\/\"},{\"@type\":\"ListItem\",\"position\":2,\"name\":\"Shop\",\"item\":\"https:\/\/www.montecastelli.com\/shop\/\"},{\"@type\":\"ListItem\",\"position\":3,\"name\":\"Flos Salis coccio 340 gr\"}]},{\"@type\":\"WebSite\",\"@id\":\"https:\/\/www.montecastelli.com\/de\/#website\",\"url\":\"https:\/\/www.montecastelli.com\/de\/\",\"name\":\"Villa Montecastello\",\"description\":\"a luxury Agriturismo for an authentic and unique experience in Tuscany\",\"publisher\":{\"@id\":\"https:\/\/www.montecastelli.com\/de\/#organization\"},\"potentialAction\":[{\"@type\":\"SearchAction\",\"target\":{\"@type\":\"EntryPoint\",\"urlTemplate\":\"https:\/\/www.montecastelli.com\/de\/?s={search_term_string}\"},\"query-input\":{\"@type\":\"PropertyValueSpecification\",\"valueRequired\":true,\"valueName\":\"search_term_string\"}}],\"inLanguage\":\"de\"},{\"@type\":\"Organization\",\"@id\":\"https:\/\/www.montecastelli.com\/de\/#organization\",\"name\":\"Villa Montecastello\",\"url\":\"https:\/\/www.montecastelli.com\/de\/\",\"logo\":{\"@type\":\"ImageObject\",\"inLanguage\":\"de\",\"@id\":\"https:\/\/www.montecastelli.com\/de\/#\/schema\/logo\/image\/\",\"url\":\"https:\/\/www.montecastelli.com\/wp-content\/uploads\/2026\/03\/fav-398x300-1.png\",\"contentUrl\":\"https:\/\/www.montecastelli.com\/wp-content\/uploads\/2026\/03\/fav-398x300-1.png\",\"width\":698,\"height\":300,\"caption\":\"Villa Montecastello\"},\"image\":{\"@id\":\"https:\/\/www.montecastelli.com\/de\/#\/schema\/logo\/image\/\"}}]}<\/script>\n<!-- \/ Yoast SEO plugin. -->","yoast_head_json":{"title":"Flos Salis coccio 340 gr - Villa Montecastello","robots":{"index":"index","follow":"follow","max-snippet":"max-snippet:-1","max-image-preview":"max-image-preview:large","max-video-preview":"max-video-preview:-1"},"canonical":"https:\/\/www.montecastelli.com\/de\/prodotto\/flos-salis-coccio-340-gr\/","og_locale":"de_DE","og_type":"article","og_title":"Flos Salis coccio 340 gr - Villa Montecastello","og_description":"Produziert in den Salinen der Algarve, Portugal. Handgeharktes Produkt aus den ersten Kristallisationen der s\u00fc\u00dfesten und wertvollsten Mineralien.     Mengenrabatt     Menge Rabatt auf St\u00fcckzahl Sie sparen     3 3,00\u00a0\u20ac 9,00\u00a0\u20ac   6 5,00\u00a0\u20ac 30,00\u00a0\u20ac","og_url":"https:\/\/www.montecastelli.com\/de\/prodotto\/flos-salis-coccio-340-gr\/","og_site_name":"Villa Montecastello","article_modified_time":"2026-03-09T15:31:20+00:00","og_image":[{"width":700,"height":800,"url":"https:\/\/www.montecastelli.com\/wp-content\/uploads\/2025\/12\/foto-prodotto-villa-castello-copia.webp","type":"image\/webp"}],"twitter_card":"summary_large_image","schema":{"@context":"https:\/\/schema.org","@graph":[{"@type":"WebPage","@id":"https:\/\/www.montecastelli.com\/de\/prodotto\/flos-salis-coccio-340-gr\/","url":"https:\/\/www.montecastelli.com\/de\/prodotto\/flos-salis-coccio-340-gr\/","name":"Flos Salis coccio 340 gr - Villa Montecastello","isPartOf":{"@id":"https:\/\/www.montecastelli.com\/de\/#website"},"primaryImageOfPage":{"@id":"https:\/\/www.montecastelli.com\/de\/prodotto\/flos-salis-coccio-340-gr\/#primaryimage"},"image":{"@id":"https:\/\/www.montecastelli.com\/de\/prodotto\/flos-salis-coccio-340-gr\/#primaryimage"},"thumbnailUrl":"https:\/\/www.montecastelli.com\/wp-content\/uploads\/2025\/12\/foto-prodotto-villa-castello-copia.webp","datePublished":"2025-12-23T09:56:06+00:00","dateModified":"2026-03-09T15:31:20+00:00","breadcrumb":{"@id":"https:\/\/www.montecastelli.com\/de\/prodotto\/flos-salis-coccio-340-gr\/#breadcrumb"},"inLanguage":"de","potentialAction":[{"@type":"ReadAction","target":["https:\/\/www.montecastelli.com\/de\/prodotto\/flos-salis-coccio-340-gr\/"]}]},{"@type":"ImageObject","inLanguage":"de","@id":"https:\/\/www.montecastelli.com\/de\/prodotto\/flos-salis-coccio-340-gr\/#primaryimage","url":"https:\/\/www.montecastelli.com\/wp-content\/uploads\/2025\/12\/foto-prodotto-villa-castello-copia.webp","contentUrl":"https:\/\/www.montecastelli.com\/wp-content\/uploads\/2025\/12\/foto-prodotto-villa-castello-copia.webp","width":700,"height":800,"caption":"flos salis marisol img prodotto"},{"@type":"BreadcrumbList","@id":"https:\/\/www.montecastelli.com\/de\/prodotto\/flos-salis-coccio-340-gr\/#breadcrumb","itemListElement":[{"@type":"ListItem","position":1,"name":"Home","item":"https:\/\/www.montecastelli.com\/de\/"},{"@type":"ListItem","position":2,"name":"Shop","item":"https:\/\/www.montecastelli.com\/shop\/"},{"@type":"ListItem","position":3,"name":"Flos Salis coccio 340 gr"}]},{"@type":"WebSite","@id":"https:\/\/www.montecastelli.com\/de\/#website","url":"https:\/\/www.montecastelli.com\/de\/","name":"Villa Montecastello","description":"a luxury Agriturismo for an authentic and unique experience in Tuscany","publisher":{"@id":"https:\/\/www.montecastelli.com\/de\/#organization"},"potentialAction":[{"@type":"SearchAction","target":{"@type":"EntryPoint","urlTemplate":"https:\/\/www.montecastelli.com\/de\/?s={search_term_string}"},"query-input":{"@type":"PropertyValueSpecification","valueRequired":true,"valueName":"search_term_string"}}],"inLanguage":"de"},{"@type":"Organization","@id":"https:\/\/www.montecastelli.com\/de\/#organization","name":"Villa Montecastello","url":"https:\/\/www.montecastelli.com\/de\/","logo":{"@type":"ImageObject","inLanguage":"de","@id":"https:\/\/www.montecastelli.com\/de\/#\/schema\/logo\/image\/","url":"https:\/\/www.montecastelli.com\/wp-content\/uploads\/2026\/03\/fav-398x300-1.png","contentUrl":"https:\/\/www.montecastelli.com\/wp-content\/uploads\/2026\/03\/fav-398x300-1.png","width":698,"height":300,"caption":"Villa Montecastello"},"image":{"@id":"https:\/\/www.montecastelli.com\/de\/#\/schema\/logo\/image\/"}}]}},"_links":{"self":[{"href":"https:\/\/www.montecastelli.com\/de\/wp-json\/wp\/v2\/product\/31740","targetHints":{"allow":["GET"]}}],"collection":[{"href":"https:\/\/www.montecastelli.com\/de\/wp-json\/wp\/v2\/product"}],"about":[{"href":"https:\/\/www.montecastelli.com\/de\/wp-json\/wp\/v2\/types\/product"}],"replies":[{"embeddable":true,"href":"https:\/\/www.montecastelli.com\/de\/wp-json\/wp\/v2\/comments?post=31740"}],"version-history":[{"count":4,"href":"https:\/\/www.montecastelli.com\/de\/wp-json\/wp\/v2\/product\/31740\/revisions"}],"predecessor-version":[{"id":31924,"href":"https:\/\/www.montecastelli.com\/de\/wp-json\/wp\/v2\/product\/31740\/revisions\/31924"}],"wp:featuredmedia":[{"embeddable":true,"href":"https:\/\/www.montecastelli.com\/de\/wp-json\/wp\/v2\/media\/31742"}],"wp:attachment":[{"href":"https:\/\/www.montecastelli.com\/de\/wp-json\/wp\/v2\/media?parent=31740"}],"wp:term":[{"taxonomy":"product_brand","embeddable":true,"href":"https:\/\/www.montecastelli.com\/de\/wp-json\/wp\/v2\/product_brand?post=31740"},{"taxonomy":"product_cat","embeddable":true,"href":"https:\/\/www.montecastelli.com\/de\/wp-json\/wp\/v2\/product_cat?post=31740"},{"taxonomy":"product_tag","embeddable":true,"href":"https:\/\/www.montecastelli.com\/de\/wp-json\/wp\/v2\/product_tag?post=31740"}],"curies":[{"name":"wp","href":"https:\/\/api.w.org\/{rel}","templated":true}]}}