{"id":32188,"date":"2026-02-10T14:35:51","date_gmt":"2026-02-10T14:35:51","guid":{"rendered":"https:\/\/www.montecastelli.it\/azienda-agricola-montecastelli\/"},"modified":"2026-03-12T10:01:17","modified_gmt":"2026-03-12T10:01:17","slug":"histoire","status":"publish","type":"page","link":"https:\/\/www.montecastelli.com\/fr\/histoire\/","title":{"rendered":"histoire"},"content":{"rendered":"\t\t<div data-elementor-type=\"wp-page\" data-elementor-id=\"32188\" class=\"elementor elementor-32188 elementor-30720\">\n\t\t\t\t<div class=\"elementor-element elementor-element-efd145d wd-section-stretch e-con-full e-flex e-con e-parent\" data-id=\"efd145d\" data-element_type=\"container\" data-settings=\"{&quot;background_background&quot;:&quot;classic&quot;}\">\n\t\t\t\t<div class=\"elementor-element elementor-element-4e89b97 elementor-widget elementor-widget-heading\" data-id=\"4e89b97\" data-element_type=\"widget\" data-widget_type=\"heading.default\">\n\t\t\t\t\t<h1 class=\"elementor-heading-title elementor-size-default\">Exploitation Agricole Montecastelli<\/h1>\t\t\t\t<\/div>\n\t\t\t\t<\/div>\n\t\t<div class=\"wd-negative-gap elementor-element elementor-element-7c7c544 e-flex e-con-boxed e-con e-parent\" data-id=\"7c7c544\" data-element_type=\"container\">\n\t\t\t\t\t<div class=\"e-con-inner\">\n\t\t<div class=\"elementor-element elementor-element-e7cb5cd e-con-full e-flex e-con e-child\" data-id=\"e7cb5cd\" data-element_type=\"container\">\n\t\t\t\t<div class=\"elementor-element elementor-element-56aec39 elementor-widget elementor-widget-wd_image_or_svg\" data-id=\"56aec39\" data-element_type=\"widget\" data-widget_type=\"wd_image_or_svg.default\">\n\t\t\t\t<div class=\"elementor-widget-container\">\n\t\t\t\t\t\n\t\t<div class=\"wd-image text-left\">\n\t\t\t\t\t\t\t\t<img loading=\"lazy\" decoding=\"async\" width=\"663\" height=\"831\" src=\"https:\/\/www.montecastelli.com\/wp-content\/uploads\/2026\/02\/collage-Villa-Montecastelli.webp\" class=\"attachment-full size-full\" alt=\"\" srcset=\"https:\/\/www.montecastelli.com\/wp-content\/uploads\/2026\/02\/collage-Villa-Montecastelli.webp 663w, https:\/\/www.montecastelli.com\/wp-content\/uploads\/2026\/02\/collage-Villa-Montecastelli-239x300.webp 239w, https:\/\/www.montecastelli.com\/wp-content\/uploads\/2026\/02\/collage-Villa-Montecastelli-638x800.webp 638w, https:\/\/www.montecastelli.com\/wp-content\/uploads\/2026\/02\/collage-Villa-Montecastelli-430x539.webp 430w, https:\/\/www.montecastelli.com\/wp-content\/uploads\/2026\/02\/collage-Villa-Montecastelli-150x188.webp 150w\" sizes=\"auto, (max-width: 663px) 100vw, 663px\" \/>\t\t\t\t\t<\/div>\n\n\t\t\t\t\t\t<\/div>\n\t\t\t\t<\/div>\n\t\t\t\t<\/div>\n\t\t<div class=\"elementor-element elementor-element-97d6084 e-con-full e-flex e-con e-child\" data-id=\"97d6084\" data-element_type=\"container\">\n\t\t\t\t<div class=\"elementor-element elementor-element-98d830b wd-width-100 elementor-widget elementor-widget-wd_title\" data-id=\"98d830b\" data-element_type=\"widget\" data-widget_type=\"wd_title.default\">\n\t\t\t\t<div class=\"elementor-widget-container\">\n\t\t\t\t\t\t\t<div class=\"title-wrapper wd-set-mb reset-last-child wd-title-color-primary wd-title-style-default wd-title-size-large text-left\">\n\n\t\t\t\t\t\t\t\t\t\t\t<div class=\"title-subtitle subtitle-color-primary subtitle-style-default wd-fontsize-xs\">\n\t\t\t\t\tLA HISTOIRE\t\t\t\t<\/div>\n\t\t\t\n\t\t\t<div class=\"liner-continer\">\n\t\t\t\t<h4 class=\"woodmart-title-container title wd-fontsize-xxl\">Un village qui devient une exploitation agricole<\/h4> \n\t\t\t\t\t\t\t<\/div>\n\n\t\t\t\t\t<\/div>\n\t\t\t\t\t\t<\/div>\n\t\t\t\t<\/div>\n\t\t\t\t<div class=\"elementor-element elementor-element-66e47ad elementor-widget elementor-widget-wd_text_block\" data-id=\"66e47ad\" data-element_type=\"widget\" data-widget_type=\"wd_text_block.default\">\n\t\t\t\t<div class=\"elementor-widget-container\">\n\t\t\t\t\t\t\t<div class=\"wd-text-block reset-last-child text-left\">\n\t\t\t\n\t\t\t<p data-start=\"555\" data-end=\"739\">Nous avons commenc\u00e9 en <strong data-start=\"578\" data-end=\"586\">1993<\/strong> avec l\u2019achat de l\u2019historique <strong data-start=\"616\" data-end=\"639\">Borgo Montecastelli<\/strong>, un lieu mill\u00e9naire immerg\u00e9 dans le paysage agricole qui d\u00e9finit encore aujourd\u2019hui notre identit\u00e9.<\/p><p data-start=\"741\" data-end=\"939\">Pendant <strong data-start=\"749\" data-end=\"759\">11 ans<\/strong>, j\u2019ai travaill\u00e9 personnellement \u00e0 la restauration des b\u00e2timents historiques, en r\u00e9cup\u00e9rant de mes propres mains l\u2019\u00e2me rurale du village et en le ramenant \u00e0 sa vocation originelle.<\/p><p data-start=\"941\" data-end=\"1222\">En <strong data-start=\"944\" data-end=\"952\">1999<\/strong>, je red\u00e9couvre les racines agricoles du territoire et je plante <strong data-start=\"1017\" data-end=\"1044\">1 000 nouveaux oliviers<\/strong>, un pour chaque ann\u00e9e d\u2019histoire du village, en les ajoutant aux <strong data-start=\"1110\" data-end=\"1137\">300 oliviers s\u00e9culaires<\/strong> d\u00e9j\u00e0 pr\u00e9sents.<br data-start=\"1152\" data-end=\"1155\" \/>Un projet qui unit architecture, agriculture et respect du paysage.<\/p><p data-start=\"1224\" data-end=\"1461\">Le processus de restauration s\u2019ach\u00e8ve en <strong data-start=\"1265\" data-end=\"1273\">2005<\/strong> avec la naissance de <strong data-start=\"1295\" data-end=\"1318\">Villa Montecastello<\/strong>, aujourd\u2019hui une structure d\u2019accueil de charme, un point de r\u00e9f\u00e9rence pour ceux qui recherchent une exp\u00e9rience authentique li\u00e9e au territoire.<\/p><p data-start=\"1463\" data-end=\"1743\">En <strong data-start=\"1466\" data-end=\"1474\">2006<\/strong>, nous compl\u00e9tons le cycle de production avec l\u2019installation d\u2019un <strong data-start=\"1540\" data-end=\"1592\">moulin \u00e0 huile Alfa Laval de derni\u00e8re g\u00e9n\u00e9ration<\/strong>, qui nous permet de transformer nos olives directement dans l\u2019exploitation, garantissant qualit\u00e9, tra\u00e7abilit\u00e9 et valorisation de la production locale.<\/p>\n\t\t\t\t\t<\/div>\n\t\t\t\t\t\t<\/div>\n\t\t\t\t<\/div>\n\t\t\t\t<\/div>\n\t\t\t\t\t<\/div>\n\t\t\t\t<\/div>\n\t\t\t\t<\/div>\n\t\t","protected":false},"excerpt":{"rendered":"<p>Exploitation Agricole Montecastelli LA HISTOIRE Un village qui devient une exploitation agricole Nous avons commenc\u00e9 en 1993 avec l\u2019achat de<\/p>\n","protected":false},"author":1,"featured_media":0,"parent":0,"menu_order":0,"comment_status":"closed","ping_status":"closed","template":"","meta":{"footnotes":""},"class_list":["post-32188","page","type-page","status-publish","hentry"],"yoast_head":"<!-- This site is optimized with the Yoast SEO plugin v27.2 - https:\/\/yoast.com\/product\/yoast-seo-wordpress\/ -->\n<title>histoire - Villa Montecastello<\/title>\n<meta name=\"robots\" content=\"index, follow, max-snippet:-1, max-image-preview:large, max-video-preview:-1\" \/>\n<link rel=\"canonical\" href=\"https:\/\/www.montecastelli.com\/fr\/histoire\/\" \/>\n<meta property=\"og:locale\" content=\"fr_FR\" \/>\n<meta property=\"og:type\" content=\"article\" \/>\n<meta property=\"og:title\" content=\"histoire - Villa Montecastello\" \/>\n<meta property=\"og:description\" content=\"Exploitation Agricole Montecastelli LA HISTOIRE Un village qui devient une exploitation agricole Nous avons commenc\u00e9 en 1993 avec l\u2019achat de\" \/>\n<meta property=\"og:url\" content=\"https:\/\/www.montecastelli.com\/fr\/histoire\/\" \/>\n<meta property=\"og:site_name\" content=\"Villa Montecastello\" \/>\n<meta property=\"article:modified_time\" content=\"2026-03-12T10:01:17+00:00\" \/>\n<meta property=\"og:image\" content=\"https:\/\/www.montecastelli.com\/wp-content\/uploads\/2026\/02\/collage-Villa-Montecastelli.webp\" \/>\n<meta name=\"twitter:card\" content=\"summary_large_image\" \/>\n<meta name=\"twitter:label1\" content=\"Dur\u00e9e de lecture estim\u00e9e\" \/>\n\t<meta name=\"twitter:data1\" content=\"1 minute\" \/>\n<script type=\"application\/ld+json\" class=\"yoast-schema-graph\">{\"@context\":\"https:\/\/schema.org\",\"@graph\":[{\"@type\":\"WebPage\",\"@id\":\"https:\/\/www.montecastelli.com\/fr\/histoire\/\",\"url\":\"https:\/\/www.montecastelli.com\/fr\/histoire\/\",\"name\":\"histoire - Villa Montecastello\",\"isPartOf\":{\"@id\":\"https:\/\/www.montecastelli.com\/fr\/#website\"},\"primaryImageOfPage\":{\"@id\":\"https:\/\/www.montecastelli.com\/fr\/histoire\/#primaryimage\"},\"image\":{\"@id\":\"https:\/\/www.montecastelli.com\/fr\/histoire\/#primaryimage\"},\"thumbnailUrl\":\"https:\/\/www.montecastelli.com\/wp-content\/uploads\/2026\/02\/collage-Villa-Montecastelli.webp\",\"datePublished\":\"2026-02-10T14:35:51+00:00\",\"dateModified\":\"2026-03-12T10:01:17+00:00\",\"breadcrumb\":{\"@id\":\"https:\/\/www.montecastelli.com\/fr\/histoire\/#breadcrumb\"},\"inLanguage\":\"fr-FR\",\"potentialAction\":[{\"@type\":\"ReadAction\",\"target\":[\"https:\/\/www.montecastelli.com\/fr\/histoire\/\"]}]},{\"@type\":\"ImageObject\",\"inLanguage\":\"fr-FR\",\"@id\":\"https:\/\/www.montecastelli.com\/fr\/histoire\/#primaryimage\",\"url\":\"https:\/\/www.montecastelli.com\/wp-content\/uploads\/2026\/02\/collage-Villa-Montecastelli.webp\",\"contentUrl\":\"https:\/\/www.montecastelli.com\/wp-content\/uploads\/2026\/02\/collage-Villa-Montecastelli.webp\"},{\"@type\":\"BreadcrumbList\",\"@id\":\"https:\/\/www.montecastelli.com\/fr\/histoire\/#breadcrumb\",\"itemListElement\":[{\"@type\":\"ListItem\",\"position\":1,\"name\":\"Home\",\"item\":\"https:\/\/www.montecastelli.com\/fr\/\"},{\"@type\":\"ListItem\",\"position\":2,\"name\":\"histoire\"}]},{\"@type\":\"WebSite\",\"@id\":\"https:\/\/www.montecastelli.com\/fr\/#website\",\"url\":\"https:\/\/www.montecastelli.com\/fr\/\",\"name\":\"Villa Montecastello\",\"description\":\"a luxury Agriturismo for an authentic and unique experience in Tuscany\",\"publisher\":{\"@id\":\"https:\/\/www.montecastelli.com\/fr\/#organization\"},\"potentialAction\":[{\"@type\":\"SearchAction\",\"target\":{\"@type\":\"EntryPoint\",\"urlTemplate\":\"https:\/\/www.montecastelli.com\/fr\/?s={search_term_string}\"},\"query-input\":{\"@type\":\"PropertyValueSpecification\",\"valueRequired\":true,\"valueName\":\"search_term_string\"}}],\"inLanguage\":\"fr-FR\"},{\"@type\":\"Organization\",\"@id\":\"https:\/\/www.montecastelli.com\/fr\/#organization\",\"name\":\"Villa Montecastello\",\"url\":\"https:\/\/www.montecastelli.com\/fr\/\",\"logo\":{\"@type\":\"ImageObject\",\"inLanguage\":\"fr-FR\",\"@id\":\"https:\/\/www.montecastelli.com\/fr\/#\/schema\/logo\/image\/\",\"url\":\"https:\/\/www.montecastelli.com\/wp-content\/uploads\/2026\/03\/fav-398x300-1.png\",\"contentUrl\":\"https:\/\/www.montecastelli.com\/wp-content\/uploads\/2026\/03\/fav-398x300-1.png\",\"width\":698,\"height\":300,\"caption\":\"Villa Montecastello\"},\"image\":{\"@id\":\"https:\/\/www.montecastelli.com\/fr\/#\/schema\/logo\/image\/\"}}]}<\/script>\n<!-- \/ Yoast SEO plugin. -->","yoast_head_json":{"title":"histoire - Villa Montecastello","robots":{"index":"index","follow":"follow","max-snippet":"max-snippet:-1","max-image-preview":"max-image-preview:large","max-video-preview":"max-video-preview:-1"},"canonical":"https:\/\/www.montecastelli.com\/fr\/histoire\/","og_locale":"fr_FR","og_type":"article","og_title":"histoire - Villa Montecastello","og_description":"Exploitation Agricole Montecastelli LA HISTOIRE Un village qui devient une exploitation agricole Nous avons commenc\u00e9 en 1993 avec l\u2019achat de","og_url":"https:\/\/www.montecastelli.com\/fr\/histoire\/","og_site_name":"Villa Montecastello","article_modified_time":"2026-03-12T10:01:17+00:00","og_image":[{"url":"https:\/\/www.montecastelli.com\/wp-content\/uploads\/2026\/02\/collage-Villa-Montecastelli.webp","type":"","width":"","height":""}],"twitter_card":"summary_large_image","twitter_misc":{"Dur\u00e9e de lecture estim\u00e9e":"1 minute"},"schema":{"@context":"https:\/\/schema.org","@graph":[{"@type":"WebPage","@id":"https:\/\/www.montecastelli.com\/fr\/histoire\/","url":"https:\/\/www.montecastelli.com\/fr\/histoire\/","name":"histoire - Villa Montecastello","isPartOf":{"@id":"https:\/\/www.montecastelli.com\/fr\/#website"},"primaryImageOfPage":{"@id":"https:\/\/www.montecastelli.com\/fr\/histoire\/#primaryimage"},"image":{"@id":"https:\/\/www.montecastelli.com\/fr\/histoire\/#primaryimage"},"thumbnailUrl":"https:\/\/www.montecastelli.com\/wp-content\/uploads\/2026\/02\/collage-Villa-Montecastelli.webp","datePublished":"2026-02-10T14:35:51+00:00","dateModified":"2026-03-12T10:01:17+00:00","breadcrumb":{"@id":"https:\/\/www.montecastelli.com\/fr\/histoire\/#breadcrumb"},"inLanguage":"fr-FR","potentialAction":[{"@type":"ReadAction","target":["https:\/\/www.montecastelli.com\/fr\/histoire\/"]}]},{"@type":"ImageObject","inLanguage":"fr-FR","@id":"https:\/\/www.montecastelli.com\/fr\/histoire\/#primaryimage","url":"https:\/\/www.montecastelli.com\/wp-content\/uploads\/2026\/02\/collage-Villa-Montecastelli.webp","contentUrl":"https:\/\/www.montecastelli.com\/wp-content\/uploads\/2026\/02\/collage-Villa-Montecastelli.webp"},{"@type":"BreadcrumbList","@id":"https:\/\/www.montecastelli.com\/fr\/histoire\/#breadcrumb","itemListElement":[{"@type":"ListItem","position":1,"name":"Home","item":"https:\/\/www.montecastelli.com\/fr\/"},{"@type":"ListItem","position":2,"name":"histoire"}]},{"@type":"WebSite","@id":"https:\/\/www.montecastelli.com\/fr\/#website","url":"https:\/\/www.montecastelli.com\/fr\/","name":"Villa Montecastello","description":"a luxury Agriturismo for an authentic and unique experience in Tuscany","publisher":{"@id":"https:\/\/www.montecastelli.com\/fr\/#organization"},"potentialAction":[{"@type":"SearchAction","target":{"@type":"EntryPoint","urlTemplate":"https:\/\/www.montecastelli.com\/fr\/?s={search_term_string}"},"query-input":{"@type":"PropertyValueSpecification","valueRequired":true,"valueName":"search_term_string"}}],"inLanguage":"fr-FR"},{"@type":"Organization","@id":"https:\/\/www.montecastelli.com\/fr\/#organization","name":"Villa Montecastello","url":"https:\/\/www.montecastelli.com\/fr\/","logo":{"@type":"ImageObject","inLanguage":"fr-FR","@id":"https:\/\/www.montecastelli.com\/fr\/#\/schema\/logo\/image\/","url":"https:\/\/www.montecastelli.com\/wp-content\/uploads\/2026\/03\/fav-398x300-1.png","contentUrl":"https:\/\/www.montecastelli.com\/wp-content\/uploads\/2026\/03\/fav-398x300-1.png","width":698,"height":300,"caption":"Villa Montecastello"},"image":{"@id":"https:\/\/www.montecastelli.com\/fr\/#\/schema\/logo\/image\/"}}]}},"_links":{"self":[{"href":"https:\/\/www.montecastelli.com\/fr\/wp-json\/wp\/v2\/pages\/32188","targetHints":{"allow":["GET"]}}],"collection":[{"href":"https:\/\/www.montecastelli.com\/fr\/wp-json\/wp\/v2\/pages"}],"about":[{"href":"https:\/\/www.montecastelli.com\/fr\/wp-json\/wp\/v2\/types\/page"}],"author":[{"embeddable":true,"href":"https:\/\/www.montecastelli.com\/fr\/wp-json\/wp\/v2\/users\/1"}],"replies":[{"embeddable":true,"href":"https:\/\/www.montecastelli.com\/fr\/wp-json\/wp\/v2\/comments?post=32188"}],"version-history":[{"count":5,"href":"https:\/\/www.montecastelli.com\/fr\/wp-json\/wp\/v2\/pages\/32188\/revisions"}],"predecessor-version":[{"id":32623,"href":"https:\/\/www.montecastelli.com\/fr\/wp-json\/wp\/v2\/pages\/32188\/revisions\/32623"}],"wp:attachment":[{"href":"https:\/\/www.montecastelli.com\/fr\/wp-json\/wp\/v2\/media?parent=32188"}],"curies":[{"name":"wp","href":"https:\/\/api.w.org\/{rel}","templated":true}]}}