{"id":31704,"date":"2025-12-23T11:22:32","date_gmt":"2025-12-23T11:22:32","guid":{"rendered":"https:\/\/www.montecastelli.it\/prodotto\/3-3-la-rasina-olio-doliva-ev-05l-aceto-balsamico-di-modena-igp-bronzo-025l\/"},"modified":"2026-03-09T16:36:02","modified_gmt":"2026-03-09T16:36:02","slug":"3-3-la-rasina-olio-doliva-ev-05l-aceto-balsamico-di-modena-igp-bronzo-025l","status":"publish","type":"product","link":"https:\/\/www.montecastelli.com\/fr\/prodotto\/3-3-la-rasina-olio-doliva-ev-05l-aceto-balsamico-di-modena-igp-bronzo-025l\/","title":{"rendered":"3 + 3 La Rasina Olio d\u2019Oliva EV 0,5L + Aceto Balsamico di Modena IGP Bronzo 0,25L"},"content":{"rendered":"\t\t<div data-elementor-type=\"wp-post\" data-elementor-id=\"31704\" class=\"elementor elementor-31704 elementor-29601\">\n\t\t\t\t<div class=\"wd-negative-gap elementor-element elementor-element-77efb82 e-flex e-con-boxed e-con e-parent\" data-id=\"77efb82\" data-element_type=\"container\">\n\t\t\t\t\t<div class=\"e-con-inner\">\n\t\t\t\t<div class=\"elementor-element elementor-element-f0ec461 elementor-widget__width-initial elementor-widget elementor-widget-wd_text_block\" data-id=\"f0ec461\" data-element_type=\"widget\" data-widget_type=\"wd_text_block.default\">\n\t\t\t\t<div class=\"elementor-widget-container\">\n\t\t\t\t\t\t\t<div class=\"wd-text-block reset-last-child text-left\">\n\t\t\t\n\t\t\t<h2>Vinaigre<\/h2><h3><span style=\"font-size: 16px; white-space-collapse: collapse; background-color: transparent; color: #767676;\">L\u2019Acetaia Delizia Estense se trouve \u00e0 Montegibbio, sur les premi\u00e8res collines de Sassuolo, \u00e0 350 m\u00e8tres d\u2019altitude. Ici, \u00e0 c\u00f4t\u00e9 d\u2019un jardin \u00e0 l\u2019anglaise et d\u2019une for\u00eat s\u00e9culaire, nos vignes de Trebbiano et Grasparossa trouvent dans le sol marnique expos\u00e9 au sud-ouest l\u2019habitat id\u00e9al pour une croissance parfaite.<\/span><\/h3>\n\t\t\t\t\t<\/div>\n\t\t\t\t\t\t<\/div>\n\t\t\t\t<\/div>\n\t\t\t\t<div class=\"elementor-element elementor-element-6944a65 elementor-widget__width-initial elementor-widget elementor-widget-wd_image_or_svg\" data-id=\"6944a65\" data-element_type=\"widget\" data-widget_type=\"wd_image_or_svg.default\">\n\t\t\t\t<div class=\"elementor-widget-container\">\n\t\t\t\t\t\n\t\t<div class=\"wd-image text-left\">\n\t\t\t\t\t\t\t\t<img loading=\"lazy\" decoding=\"async\" width=\"400\" height=\"283\" src=\"https:\/\/www.montecastelli.com\/wp-content\/uploads\/2025\/12\/delizia-estensie-aceto-balsamico-di-modena-etichetta-bronzo-250ml-5-400x283.jpg\" class=\"attachment-medium size-medium\" alt=\"botte delizia estense\" srcset=\"https:\/\/www.montecastelli.com\/wp-content\/uploads\/2025\/12\/delizia-estensie-aceto-balsamico-di-modena-etichetta-bronzo-250ml-5-400x283.jpg 400w, https:\/\/www.montecastelli.com\/wp-content\/uploads\/2025\/12\/delizia-estensie-aceto-balsamico-di-modena-etichetta-bronzo-250ml-5-430x304.jpg 430w, https:\/\/www.montecastelli.com\/wp-content\/uploads\/2025\/12\/delizia-estensie-aceto-balsamico-di-modena-etichetta-bronzo-250ml-5-150x106.jpg 150w, https:\/\/www.montecastelli.com\/wp-content\/uploads\/2025\/12\/delizia-estensie-aceto-balsamico-di-modena-etichetta-bronzo-250ml-5-700x495.jpg 700w, https:\/\/www.montecastelli.com\/wp-content\/uploads\/2025\/12\/delizia-estensie-aceto-balsamico-di-modena-etichetta-bronzo-250ml-5-768x543.jpg 768w, https:\/\/www.montecastelli.com\/wp-content\/uploads\/2025\/12\/delizia-estensie-aceto-balsamico-di-modena-etichetta-bronzo-250ml-5.jpg 793w\" sizes=\"auto, (max-width: 400px) 100vw, 400px\" \/>\t\t\t\t\t<\/div>\n\n\t\t\t\t\t\t<\/div>\n\t\t\t\t<\/div>\n\t\t\t\t\t<\/div>\n\t\t\t\t<\/div>\n\t\t\t\t<\/div>\n\t\t","protected":false},"excerpt":{"rendered":"<div id=\"product-description-short-43\">\n<div id=\"product-description-short-33\">\n<div id=\"product-description-short-49\">\n<p>Sur la table, il ne peut manquer d\u2019huile et de vinaigre, non seulement pour l\u2019assaisonnement des merveilleuses salades, mais aussi comme finition de nombreux plats d\u00e9licieux qui exigent une excellente huile et un vinaigre qui saigne avec douceur et profondeur. L\u2019huile de la Rasina en 2020 s\u2019est av\u00e9r\u00e9e \u00e0 la hauteur avec beaucoup de saveur d\u2019herbes fra\u00eeches et des notes classiques d\u2019artichaut et de pincement final.\u00a0 Le Vinaigre Balsamique de Delizia Estense est le meilleur de l\u2019art des ac\u00e9taminophages de Mod\u00e8ne en naissant dans la cave la plus haute, avec l\u2019air le plus sec et le plus pur de la zone. Bonne jouissance!<\/p>\n<\/div>\n<div class=\"product-actions\">\n<form id=\"add-to-cart-or-refresh\" action=\"https:\/\/shop.montecastelli.com\/it\/carrello\" method=\"post\">\n<div class=\"product-variants\">\n<p class=\"h6 product-discounts-title\"><span dir=\"auto\">Remises sur volume<\/span><\/p>\n<table class=\"table-product-discounts\">\n<thead>\n<tr>\n<th><span dir=\"auto\">Montant<\/span><\/th>\n<th><span dir=\"auto\">Remise unitaire<\/span><\/th>\n<th><span dir=\"auto\">Sauvegarder<\/span><\/th>\n<\/tr>\n<\/thead>\n<tbody>\n<tr data-discount-type=\"amount\" data-discount=\"15.1\" data-discount-quantity=\"2\">\n<td><span dir=\"auto\">2<\/span><\/td>\n<td><span dir=\"auto\">15,10 \u20ac<\/span><\/td>\n<td><span dir=\"auto\">30,20 \u20ac<\/span><\/td>\n<\/tr>\n<\/tbody>\n<\/table>\n<\/div>\n<section class=\"product-pack\"><\/section>\n<\/form>\n<\/div>\n<\/div>\n<div class=\"product-actions\"><\/div>\n<\/div>\n","protected":false},"featured_media":29670,"comment_status":"open","ping_status":"closed","template":"","meta":[],"product_brand":[],"product_cat":[97,108],"product_tag":[],"class_list":{"0":"post-31704","1":"product","2":"type-product","3":"status-publish","4":"has-post-thumbnail","6":"product_cat-huile","7":"product_cat-vinaigre","9":"first","10":"instock","11":"taxable","12":"shipping-taxable","13":"purchasable","14":"product-type-simple"},"yoast_head":"<!-- This site is optimized with the Yoast SEO plugin v27.2 - https:\/\/yoast.com\/product\/yoast-seo-wordpress\/ -->\n<title>3 + 3 La Rasina Olio d\u2019Oliva EV 0,5L + Aceto Balsamico di Modena IGP Bronzo 0,25L - Villa Montecastello<\/title>\n<meta name=\"robots\" content=\"index, follow, max-snippet:-1, max-image-preview:large, max-video-preview:-1\" \/>\n<link rel=\"canonical\" href=\"https:\/\/www.montecastelli.com\/fr\/prodotto\/3-3-la-rasina-olio-doliva-ev-05l-aceto-balsamico-di-modena-igp-bronzo-025l\/\" \/>\n<meta property=\"og:locale\" content=\"fr_FR\" \/>\n<meta property=\"og:type\" content=\"article\" \/>\n<meta property=\"og:title\" content=\"3 + 3 La Rasina Olio d\u2019Oliva EV 0,5L + Aceto Balsamico di Modena IGP Bronzo 0,25L - Villa Montecastello\" \/>\n<meta property=\"og:description\" content=\"Sur la table, il ne peut manquer d\u2019huile et de vinaigre, non seulement pour l\u2019assaisonnement des merveilleuses salades, mais aussi comme finition de nombreux plats d\u00e9licieux qui exigent une excellente huile et un vinaigre qui saigne avec douceur et profondeur. L\u2019huile de la Rasina en 2020 s\u2019est av\u00e9r\u00e9e \u00e0 la hauteur avec beaucoup de saveur d\u2019herbes fra\u00eeches et des notes classiques d\u2019artichaut et de pincement final.\u00a0 Le Vinaigre Balsamique de Delizia Estense est le meilleur de l\u2019art des ac\u00e9taminophages de Mod\u00e8ne en naissant dans la cave la plus haute, avec l\u2019air le plus sec et le plus pur de la zone. Bonne jouissance!     Remises sur volume     Montant Remise unitaire Sauvegarder     2 15,10 \u20ac 30,20 \u20ac\" \/>\n<meta property=\"og:url\" content=\"https:\/\/www.montecastelli.com\/fr\/prodotto\/3-3-la-rasina-olio-doliva-ev-05l-aceto-balsamico-di-modena-igp-bronzo-025l\/\" \/>\n<meta property=\"og:site_name\" content=\"Villa Montecastello\" \/>\n<meta property=\"article:modified_time\" content=\"2026-03-09T16:36:02+00:00\" \/>\n<meta property=\"og:image\" content=\"https:\/\/www.montecastelli.com\/wp-content\/uploads\/2025\/12\/la-rasina-olio-doliva-ev-05l-aceto-balsamico-di-modena-2-igp-bronzo-025l-1.webp\" \/>\n\t<meta property=\"og:image:width\" content=\"700\" \/>\n\t<meta property=\"og:image:height\" content=\"800\" \/>\n\t<meta property=\"og:image:type\" content=\"image\/webp\" \/>\n<meta name=\"twitter:card\" content=\"summary_large_image\" \/>\n<script type=\"application\/ld+json\" class=\"yoast-schema-graph\">{\"@context\":\"https:\/\/schema.org\",\"@graph\":[{\"@type\":\"WebPage\",\"@id\":\"https:\/\/www.montecastelli.com\/fr\/prodotto\/3-3-la-rasina-olio-doliva-ev-05l-aceto-balsamico-di-modena-igp-bronzo-025l\/\",\"url\":\"https:\/\/www.montecastelli.com\/fr\/prodotto\/3-3-la-rasina-olio-doliva-ev-05l-aceto-balsamico-di-modena-igp-bronzo-025l\/\",\"name\":\"3 + 3 La Rasina Olio d\u2019Oliva EV 0,5L + Aceto Balsamico di Modena IGP Bronzo 0,25L - Villa Montecastello\",\"isPartOf\":{\"@id\":\"https:\/\/www.montecastelli.com\/fr\/#website\"},\"primaryImageOfPage\":{\"@id\":\"https:\/\/www.montecastelli.com\/fr\/prodotto\/3-3-la-rasina-olio-doliva-ev-05l-aceto-balsamico-di-modena-igp-bronzo-025l\/#primaryimage\"},\"image\":{\"@id\":\"https:\/\/www.montecastelli.com\/fr\/prodotto\/3-3-la-rasina-olio-doliva-ev-05l-aceto-balsamico-di-modena-igp-bronzo-025l\/#primaryimage\"},\"thumbnailUrl\":\"https:\/\/www.montecastelli.com\/wp-content\/uploads\/2025\/12\/la-rasina-olio-doliva-ev-05l-aceto-balsamico-di-modena-2-igp-bronzo-025l-1.webp\",\"datePublished\":\"2025-12-23T11:22:32+00:00\",\"dateModified\":\"2026-03-09T16:36:02+00:00\",\"breadcrumb\":{\"@id\":\"https:\/\/www.montecastelli.com\/fr\/prodotto\/3-3-la-rasina-olio-doliva-ev-05l-aceto-balsamico-di-modena-igp-bronzo-025l\/#breadcrumb\"},\"inLanguage\":\"fr-FR\",\"potentialAction\":[{\"@type\":\"ReadAction\",\"target\":[\"https:\/\/www.montecastelli.com\/fr\/prodotto\/3-3-la-rasina-olio-doliva-ev-05l-aceto-balsamico-di-modena-igp-bronzo-025l\/\"]}]},{\"@type\":\"ImageObject\",\"inLanguage\":\"fr-FR\",\"@id\":\"https:\/\/www.montecastelli.com\/fr\/prodotto\/3-3-la-rasina-olio-doliva-ev-05l-aceto-balsamico-di-modena-igp-bronzo-025l\/#primaryimage\",\"url\":\"https:\/\/www.montecastelli.com\/wp-content\/uploads\/2025\/12\/la-rasina-olio-doliva-ev-05l-aceto-balsamico-di-modena-2-igp-bronzo-025l-1.webp\",\"contentUrl\":\"https:\/\/www.montecastelli.com\/wp-content\/uploads\/2025\/12\/la-rasina-olio-doliva-ev-05l-aceto-balsamico-di-modena-2-igp-bronzo-025l-1.webp\",\"width\":700,\"height\":800,\"caption\":\"la rasina olio e aceto balsamico di modena\"},{\"@type\":\"BreadcrumbList\",\"@id\":\"https:\/\/www.montecastelli.com\/fr\/prodotto\/3-3-la-rasina-olio-doliva-ev-05l-aceto-balsamico-di-modena-igp-bronzo-025l\/#breadcrumb\",\"itemListElement\":[{\"@type\":\"ListItem\",\"position\":1,\"name\":\"Home\",\"item\":\"https:\/\/www.montecastelli.com\/fr\/\"},{\"@type\":\"ListItem\",\"position\":2,\"name\":\"Boutique\",\"item\":\"https:\/\/www.montecastelli.com\/fr\/boutique\/\"},{\"@type\":\"ListItem\",\"position\":3,\"name\":\"3 + 3 La Rasina Olio d\u2019Oliva EV 0,5L + Aceto Balsamico di Modena IGP Bronzo 0,25L\"}]},{\"@type\":\"WebSite\",\"@id\":\"https:\/\/www.montecastelli.com\/fr\/#website\",\"url\":\"https:\/\/www.montecastelli.com\/fr\/\",\"name\":\"Villa Montecastello\",\"description\":\"a luxury Agriturismo for an authentic and unique experience in Tuscany\",\"publisher\":{\"@id\":\"https:\/\/www.montecastelli.com\/fr\/#organization\"},\"potentialAction\":[{\"@type\":\"SearchAction\",\"target\":{\"@type\":\"EntryPoint\",\"urlTemplate\":\"https:\/\/www.montecastelli.com\/fr\/?s={search_term_string}\"},\"query-input\":{\"@type\":\"PropertyValueSpecification\",\"valueRequired\":true,\"valueName\":\"search_term_string\"}}],\"inLanguage\":\"fr-FR\"},{\"@type\":\"Organization\",\"@id\":\"https:\/\/www.montecastelli.com\/fr\/#organization\",\"name\":\"Villa Montecastello\",\"url\":\"https:\/\/www.montecastelli.com\/fr\/\",\"logo\":{\"@type\":\"ImageObject\",\"inLanguage\":\"fr-FR\",\"@id\":\"https:\/\/www.montecastelli.com\/fr\/#\/schema\/logo\/image\/\",\"url\":\"https:\/\/www.montecastelli.com\/wp-content\/uploads\/2026\/03\/fav-398x300-1.png\",\"contentUrl\":\"https:\/\/www.montecastelli.com\/wp-content\/uploads\/2026\/03\/fav-398x300-1.png\",\"width\":698,\"height\":300,\"caption\":\"Villa Montecastello\"},\"image\":{\"@id\":\"https:\/\/www.montecastelli.com\/fr\/#\/schema\/logo\/image\/\"}}]}<\/script>\n<!-- \/ Yoast SEO plugin. -->","yoast_head_json":{"title":"3 + 3 La Rasina Olio d\u2019Oliva EV 0,5L + Aceto Balsamico di Modena IGP Bronzo 0,25L - Villa Montecastello","robots":{"index":"index","follow":"follow","max-snippet":"max-snippet:-1","max-image-preview":"max-image-preview:large","max-video-preview":"max-video-preview:-1"},"canonical":"https:\/\/www.montecastelli.com\/fr\/prodotto\/3-3-la-rasina-olio-doliva-ev-05l-aceto-balsamico-di-modena-igp-bronzo-025l\/","og_locale":"fr_FR","og_type":"article","og_title":"3 + 3 La Rasina Olio d\u2019Oliva EV 0,5L + Aceto Balsamico di Modena IGP Bronzo 0,25L - Villa Montecastello","og_description":"Sur la table, il ne peut manquer d\u2019huile et de vinaigre, non seulement pour l\u2019assaisonnement des merveilleuses salades, mais aussi comme finition de nombreux plats d\u00e9licieux qui exigent une excellente huile et un vinaigre qui saigne avec douceur et profondeur. L\u2019huile de la Rasina en 2020 s\u2019est av\u00e9r\u00e9e \u00e0 la hauteur avec beaucoup de saveur d\u2019herbes fra\u00eeches et des notes classiques d\u2019artichaut et de pincement final.\u00a0 Le Vinaigre Balsamique de Delizia Estense est le meilleur de l\u2019art des ac\u00e9taminophages de Mod\u00e8ne en naissant dans la cave la plus haute, avec l\u2019air le plus sec et le plus pur de la zone. Bonne jouissance!     Remises sur volume     Montant Remise unitaire Sauvegarder     2 15,10 \u20ac 30,20 \u20ac","og_url":"https:\/\/www.montecastelli.com\/fr\/prodotto\/3-3-la-rasina-olio-doliva-ev-05l-aceto-balsamico-di-modena-igp-bronzo-025l\/","og_site_name":"Villa Montecastello","article_modified_time":"2026-03-09T16:36:02+00:00","og_image":[{"width":700,"height":800,"url":"https:\/\/www.montecastelli.com\/wp-content\/uploads\/2025\/12\/la-rasina-olio-doliva-ev-05l-aceto-balsamico-di-modena-2-igp-bronzo-025l-1.webp","type":"image\/webp"}],"twitter_card":"summary_large_image","schema":{"@context":"https:\/\/schema.org","@graph":[{"@type":"WebPage","@id":"https:\/\/www.montecastelli.com\/fr\/prodotto\/3-3-la-rasina-olio-doliva-ev-05l-aceto-balsamico-di-modena-igp-bronzo-025l\/","url":"https:\/\/www.montecastelli.com\/fr\/prodotto\/3-3-la-rasina-olio-doliva-ev-05l-aceto-balsamico-di-modena-igp-bronzo-025l\/","name":"3 + 3 La Rasina Olio d\u2019Oliva EV 0,5L + Aceto Balsamico di Modena IGP Bronzo 0,25L - Villa Montecastello","isPartOf":{"@id":"https:\/\/www.montecastelli.com\/fr\/#website"},"primaryImageOfPage":{"@id":"https:\/\/www.montecastelli.com\/fr\/prodotto\/3-3-la-rasina-olio-doliva-ev-05l-aceto-balsamico-di-modena-igp-bronzo-025l\/#primaryimage"},"image":{"@id":"https:\/\/www.montecastelli.com\/fr\/prodotto\/3-3-la-rasina-olio-doliva-ev-05l-aceto-balsamico-di-modena-igp-bronzo-025l\/#primaryimage"},"thumbnailUrl":"https:\/\/www.montecastelli.com\/wp-content\/uploads\/2025\/12\/la-rasina-olio-doliva-ev-05l-aceto-balsamico-di-modena-2-igp-bronzo-025l-1.webp","datePublished":"2025-12-23T11:22:32+00:00","dateModified":"2026-03-09T16:36:02+00:00","breadcrumb":{"@id":"https:\/\/www.montecastelli.com\/fr\/prodotto\/3-3-la-rasina-olio-doliva-ev-05l-aceto-balsamico-di-modena-igp-bronzo-025l\/#breadcrumb"},"inLanguage":"fr-FR","potentialAction":[{"@type":"ReadAction","target":["https:\/\/www.montecastelli.com\/fr\/prodotto\/3-3-la-rasina-olio-doliva-ev-05l-aceto-balsamico-di-modena-igp-bronzo-025l\/"]}]},{"@type":"ImageObject","inLanguage":"fr-FR","@id":"https:\/\/www.montecastelli.com\/fr\/prodotto\/3-3-la-rasina-olio-doliva-ev-05l-aceto-balsamico-di-modena-igp-bronzo-025l\/#primaryimage","url":"https:\/\/www.montecastelli.com\/wp-content\/uploads\/2025\/12\/la-rasina-olio-doliva-ev-05l-aceto-balsamico-di-modena-2-igp-bronzo-025l-1.webp","contentUrl":"https:\/\/www.montecastelli.com\/wp-content\/uploads\/2025\/12\/la-rasina-olio-doliva-ev-05l-aceto-balsamico-di-modena-2-igp-bronzo-025l-1.webp","width":700,"height":800,"caption":"la rasina olio e aceto balsamico di modena"},{"@type":"BreadcrumbList","@id":"https:\/\/www.montecastelli.com\/fr\/prodotto\/3-3-la-rasina-olio-doliva-ev-05l-aceto-balsamico-di-modena-igp-bronzo-025l\/#breadcrumb","itemListElement":[{"@type":"ListItem","position":1,"name":"Home","item":"https:\/\/www.montecastelli.com\/fr\/"},{"@type":"ListItem","position":2,"name":"Boutique","item":"https:\/\/www.montecastelli.com\/fr\/boutique\/"},{"@type":"ListItem","position":3,"name":"3 + 3 La Rasina Olio d\u2019Oliva EV 0,5L + Aceto Balsamico di Modena IGP Bronzo 0,25L"}]},{"@type":"WebSite","@id":"https:\/\/www.montecastelli.com\/fr\/#website","url":"https:\/\/www.montecastelli.com\/fr\/","name":"Villa Montecastello","description":"a luxury Agriturismo for an authentic and unique experience in Tuscany","publisher":{"@id":"https:\/\/www.montecastelli.com\/fr\/#organization"},"potentialAction":[{"@type":"SearchAction","target":{"@type":"EntryPoint","urlTemplate":"https:\/\/www.montecastelli.com\/fr\/?s={search_term_string}"},"query-input":{"@type":"PropertyValueSpecification","valueRequired":true,"valueName":"search_term_string"}}],"inLanguage":"fr-FR"},{"@type":"Organization","@id":"https:\/\/www.montecastelli.com\/fr\/#organization","name":"Villa Montecastello","url":"https:\/\/www.montecastelli.com\/fr\/","logo":{"@type":"ImageObject","inLanguage":"fr-FR","@id":"https:\/\/www.montecastelli.com\/fr\/#\/schema\/logo\/image\/","url":"https:\/\/www.montecastelli.com\/wp-content\/uploads\/2026\/03\/fav-398x300-1.png","contentUrl":"https:\/\/www.montecastelli.com\/wp-content\/uploads\/2026\/03\/fav-398x300-1.png","width":698,"height":300,"caption":"Villa Montecastello"},"image":{"@id":"https:\/\/www.montecastelli.com\/fr\/#\/schema\/logo\/image\/"}}]}},"_links":{"self":[{"href":"https:\/\/www.montecastelli.com\/fr\/wp-json\/wp\/v2\/product\/31704","targetHints":{"allow":["GET"]}}],"collection":[{"href":"https:\/\/www.montecastelli.com\/fr\/wp-json\/wp\/v2\/product"}],"about":[{"href":"https:\/\/www.montecastelli.com\/fr\/wp-json\/wp\/v2\/types\/product"}],"replies":[{"embeddable":true,"href":"https:\/\/www.montecastelli.com\/fr\/wp-json\/wp\/v2\/comments?post=31704"}],"version-history":[{"count":4,"href":"https:\/\/www.montecastelli.com\/fr\/wp-json\/wp\/v2\/product\/31704\/revisions"}],"predecessor-version":[{"id":32032,"href":"https:\/\/www.montecastelli.com\/fr\/wp-json\/wp\/v2\/product\/31704\/revisions\/32032"}],"wp:featuredmedia":[{"embeddable":true,"href":"https:\/\/www.montecastelli.com\/fr\/wp-json\/wp\/v2\/media\/29670"}],"wp:attachment":[{"href":"https:\/\/www.montecastelli.com\/fr\/wp-json\/wp\/v2\/media?parent=31704"}],"wp:term":[{"taxonomy":"product_brand","embeddable":true,"href":"https:\/\/www.montecastelli.com\/fr\/wp-json\/wp\/v2\/product_brand?post=31704"},{"taxonomy":"product_cat","embeddable":true,"href":"https:\/\/www.montecastelli.com\/fr\/wp-json\/wp\/v2\/product_cat?post=31704"},{"taxonomy":"product_tag","embeddable":true,"href":"https:\/\/www.montecastelli.com\/fr\/wp-json\/wp\/v2\/product_tag?post=31704"}],"curies":[{"name":"wp","href":"https:\/\/api.w.org\/{rel}","templated":true}]}}