{"id":31737,"date":"2025-12-23T09:56:06","date_gmt":"2025-12-23T09:56:06","guid":{"rendered":"https:\/\/www.montecastelli.it\/prodotto\/flos-salis-coccio-340-gr\/"},"modified":"2026-03-09T16:50:49","modified_gmt":"2026-03-09T16:50:49","slug":"flos-salis-coccio-340-gr","status":"publish","type":"product","link":"https:\/\/www.montecastelli.com\/fr\/prodotto\/flos-salis-coccio-340-gr\/","title":{"rendered":"Flos Salis coccio 340 gr"},"content":{"rendered":"\t\t<div data-elementor-type=\"wp-post\" data-elementor-id=\"31737\" class=\"elementor elementor-31737 elementor-29536\">\n\t\t\t\t<div class=\"wd-negative-gap elementor-element elementor-element-77efb82 e-flex e-con-boxed e-con e-parent\" data-id=\"77efb82\" data-element_type=\"container\">\n\t\t\t\t\t<div class=\"e-con-inner\">\n\t\t\t\t<div class=\"elementor-element elementor-element-f0ec461 elementor-widget__width-initial elementor-widget elementor-widget-wd_text_block\" data-id=\"f0ec461\" data-element_type=\"widget\" data-widget_type=\"wd_text_block.default\">\n\t\t\t\t<div class=\"elementor-widget-container\">\n\t\t\t\t\t\t\t<div class=\"wd-text-block reset-last-child text-left\">\n\t\t\t\n\t\t\t<h2>FLOR DE SAL<\/h2><div class=\"tabs\"><div id=\"tab-content\" class=\"tab-content\"><div id=\"description\" class=\"tab-pane fade in active\" role=\"tabpanel\"><div class=\"product-description\"><p><span dir=\"auto\">Il s'agit sans aucun doute de l'un des plus grands sels au monde, tant par sa puret\u00e9 que par son \u00e9nergie. Sa puret\u00e9 est garantie par la r\u00e9serve naturelle des marais salants de Ria Formosa et Castro Marim. L'\u00e9nergie solaire qu'il renferme est quasi cosmique. Un sel de finition id\u00e9al pour les plats crus, les viandes fines et les desserts.<\/span><\/p><\/div><\/div><\/div><\/div>\n\t\t\t\t\t<\/div>\n\t\t\t\t\t\t<\/div>\n\t\t\t\t<\/div>\n\t\t\t\t<div class=\"elementor-element elementor-element-6944a65 elementor-widget__width-initial elementor-widget elementor-widget-wd_image_or_svg\" data-id=\"6944a65\" data-element_type=\"widget\" data-widget_type=\"wd_image_or_svg.default\">\n\t\t\t\t<div class=\"elementor-widget-container\">\n\t\t\t\t\t\n\t\t<div class=\"wd-image text-left\">\n\t\t\t\t\t\t\t\t<img loading=\"lazy\" decoding=\"async\" width=\"300\" height=\"300\" src=\"https:\/\/www.montecastelli.com\/wp-content\/uploads\/2025\/12\/flos-salis-300x300.jpg\" class=\"attachment-medium size-medium\" alt=\"flos salis marisol\" srcset=\"https:\/\/www.montecastelli.com\/wp-content\/uploads\/2025\/12\/flos-salis-300x300.jpg 300w, https:\/\/www.montecastelli.com\/wp-content\/uploads\/2025\/12\/flos-salis-430x430.jpg 430w, https:\/\/www.montecastelli.com\/wp-content\/uploads\/2025\/12\/flos-salis-150x150.jpg 150w, https:\/\/www.montecastelli.com\/wp-content\/uploads\/2025\/12\/flos-salis-700x700.jpg 700w, https:\/\/www.montecastelli.com\/wp-content\/uploads\/2025\/12\/flos-salis-800x800.jpg 800w, https:\/\/www.montecastelli.com\/wp-content\/uploads\/2025\/12\/flos-salis-768x768.jpg 768w, https:\/\/www.montecastelli.com\/wp-content\/uploads\/2025\/12\/flos-salis.jpg 1000w\" sizes=\"auto, (max-width: 300px) 100vw, 300px\" \/>\t\t\t\t\t<\/div>\n\n\t\t\t\t\t\t<\/div>\n\t\t\t\t<\/div>\n\t\t\t\t\t<\/div>\n\t\t\t\t<\/div>\n\t\t\t\t<\/div>\n\t\t","protected":false},"excerpt":{"rendered":"<div id=\"product-description-short-38\">\n<div id=\"product-description-short-38\">\n<p><span dir=\"auto\">Produit sur les marais salants de l&rsquo;Algarve, au Portugal. R\u00e9colt\u00e9 \u00e0 la main \u00e0 partir des toutes premi\u00e8res cristallisations des min\u00e9raux les plus doux et les plus pr\u00e9cieux.<\/span><\/p>\n<\/div>\n<div class=\"product-actions\">\n<form id=\"add-to-cart-or-refresh\" action=\"https:\/\/shop.montecastelli.com\/it\/carrello\" method=\"post\">\n<section class=\"product-discounts\">\n<p class=\"h6 product-discounts-title\"><span dir=\"auto\">Remises sur volume<\/span><\/p>\n<table class=\"table-product-discounts\">\n<thead>\n<tr>\n<th><span dir=\"auto\">Montant<\/span><\/th>\n<th><span dir=\"auto\">Remise unitaire<\/span><\/th>\n<th><span dir=\"auto\">Sauvegarder<\/span><\/th>\n<\/tr>\n<\/thead>\n<tbody>\n<tr data-discount-type=\"amount\" data-discount=\"3\" data-discount-quantity=\"3\">\n<td><span dir=\"auto\">3<\/span><\/td>\n<td><span dir=\"auto\">3,00 \u20ac<\/span><\/td>\n<td><span dir=\"auto\">9,00 \u20ac<\/span><\/td>\n<\/tr>\n<tr data-discount-type=\"amount\" data-discount=\"5\" data-discount-quantity=\"6\">\n<td><span dir=\"auto\">6<\/span><\/td>\n<td><span dir=\"auto\">5,00 \u20ac<\/span><\/td>\n<td><span dir=\"auto\">30,00 \u20ac<\/span><\/td>\n<\/tr>\n<\/tbody>\n<\/table>\n<\/section>\n<\/form>\n<\/div>\n<\/div>\n<div class=\"product-actions\"><\/div>\n","protected":false},"featured_media":31739,"comment_status":"open","ping_status":"closed","template":"","meta":[],"product_brand":[],"product_cat":[111],"product_tag":[],"class_list":{"0":"post-31737","1":"product","2":"type-product","3":"status-publish","4":"has-post-thumbnail","6":"product_cat-sel","8":"first","9":"instock","10":"taxable","11":"shipping-taxable","12":"purchasable","13":"product-type-simple"},"yoast_head":"<!-- This site is optimized with the Yoast SEO plugin v27.2 - https:\/\/yoast.com\/product\/yoast-seo-wordpress\/ -->\n<title>Flos Salis coccio 340 gr - Villa Montecastello<\/title>\n<meta name=\"robots\" content=\"index, follow, max-snippet:-1, max-image-preview:large, max-video-preview:-1\" \/>\n<link rel=\"canonical\" href=\"https:\/\/www.montecastelli.com\/fr\/prodotto\/flos-salis-coccio-340-gr\/\" \/>\n<meta property=\"og:locale\" content=\"fr_FR\" \/>\n<meta property=\"og:type\" content=\"article\" \/>\n<meta property=\"og:title\" content=\"Flos Salis coccio 340 gr - Villa Montecastello\" \/>\n<meta property=\"og:description\" content=\"Produit sur les marais salants de l&#039;Algarve, au Portugal. R\u00e9colt\u00e9 \u00e0 la main \u00e0 partir des toutes premi\u00e8res cristallisations des min\u00e9raux les plus doux et les plus pr\u00e9cieux.    Remises sur volume     Montant Remise unitaire Sauvegarder     3 3,00 \u20ac 9,00 \u20ac   6 5,00 \u20ac 30,00 \u20ac\" \/>\n<meta property=\"og:url\" content=\"https:\/\/www.montecastelli.com\/fr\/prodotto\/flos-salis-coccio-340-gr\/\" \/>\n<meta property=\"og:site_name\" content=\"Villa Montecastello\" \/>\n<meta property=\"article:modified_time\" content=\"2026-03-09T16:50:49+00:00\" \/>\n<meta property=\"og:image\" content=\"https:\/\/www.montecastelli.com\/wp-content\/uploads\/2025\/12\/foto-prodotto-villa-castello-copia.webp\" \/>\n\t<meta property=\"og:image:width\" content=\"700\" \/>\n\t<meta property=\"og:image:height\" content=\"800\" \/>\n\t<meta property=\"og:image:type\" content=\"image\/webp\" \/>\n<meta name=\"twitter:card\" content=\"summary_large_image\" \/>\n<script type=\"application\/ld+json\" class=\"yoast-schema-graph\">{\"@context\":\"https:\/\/schema.org\",\"@graph\":[{\"@type\":\"WebPage\",\"@id\":\"https:\/\/www.montecastelli.com\/fr\/prodotto\/flos-salis-coccio-340-gr\/\",\"url\":\"https:\/\/www.montecastelli.com\/fr\/prodotto\/flos-salis-coccio-340-gr\/\",\"name\":\"Flos Salis coccio 340 gr - Villa Montecastello\",\"isPartOf\":{\"@id\":\"https:\/\/www.montecastelli.com\/fr\/#website\"},\"primaryImageOfPage\":{\"@id\":\"https:\/\/www.montecastelli.com\/fr\/prodotto\/flos-salis-coccio-340-gr\/#primaryimage\"},\"image\":{\"@id\":\"https:\/\/www.montecastelli.com\/fr\/prodotto\/flos-salis-coccio-340-gr\/#primaryimage\"},\"thumbnailUrl\":\"https:\/\/www.montecastelli.com\/wp-content\/uploads\/2025\/12\/foto-prodotto-villa-castello-copia.webp\",\"datePublished\":\"2025-12-23T09:56:06+00:00\",\"dateModified\":\"2026-03-09T16:50:49+00:00\",\"breadcrumb\":{\"@id\":\"https:\/\/www.montecastelli.com\/fr\/prodotto\/flos-salis-coccio-340-gr\/#breadcrumb\"},\"inLanguage\":\"fr-FR\",\"potentialAction\":[{\"@type\":\"ReadAction\",\"target\":[\"https:\/\/www.montecastelli.com\/fr\/prodotto\/flos-salis-coccio-340-gr\/\"]}]},{\"@type\":\"ImageObject\",\"inLanguage\":\"fr-FR\",\"@id\":\"https:\/\/www.montecastelli.com\/fr\/prodotto\/flos-salis-coccio-340-gr\/#primaryimage\",\"url\":\"https:\/\/www.montecastelli.com\/wp-content\/uploads\/2025\/12\/foto-prodotto-villa-castello-copia.webp\",\"contentUrl\":\"https:\/\/www.montecastelli.com\/wp-content\/uploads\/2025\/12\/foto-prodotto-villa-castello-copia.webp\",\"width\":700,\"height\":800,\"caption\":\"flos salis marisol img prodotto\"},{\"@type\":\"BreadcrumbList\",\"@id\":\"https:\/\/www.montecastelli.com\/fr\/prodotto\/flos-salis-coccio-340-gr\/#breadcrumb\",\"itemListElement\":[{\"@type\":\"ListItem\",\"position\":1,\"name\":\"Home\",\"item\":\"https:\/\/www.montecastelli.com\/fr\/\"},{\"@type\":\"ListItem\",\"position\":2,\"name\":\"Boutique\",\"item\":\"https:\/\/www.montecastelli.com\/fr\/boutique\/\"},{\"@type\":\"ListItem\",\"position\":3,\"name\":\"Flos Salis coccio 340 gr\"}]},{\"@type\":\"WebSite\",\"@id\":\"https:\/\/www.montecastelli.com\/fr\/#website\",\"url\":\"https:\/\/www.montecastelli.com\/fr\/\",\"name\":\"Villa Montecastello\",\"description\":\"a luxury Agriturismo for an authentic and unique experience in Tuscany\",\"publisher\":{\"@id\":\"https:\/\/www.montecastelli.com\/fr\/#organization\"},\"potentialAction\":[{\"@type\":\"SearchAction\",\"target\":{\"@type\":\"EntryPoint\",\"urlTemplate\":\"https:\/\/www.montecastelli.com\/fr\/?s={search_term_string}\"},\"query-input\":{\"@type\":\"PropertyValueSpecification\",\"valueRequired\":true,\"valueName\":\"search_term_string\"}}],\"inLanguage\":\"fr-FR\"},{\"@type\":\"Organization\",\"@id\":\"https:\/\/www.montecastelli.com\/fr\/#organization\",\"name\":\"Villa Montecastello\",\"url\":\"https:\/\/www.montecastelli.com\/fr\/\",\"logo\":{\"@type\":\"ImageObject\",\"inLanguage\":\"fr-FR\",\"@id\":\"https:\/\/www.montecastelli.com\/fr\/#\/schema\/logo\/image\/\",\"url\":\"https:\/\/www.montecastelli.com\/wp-content\/uploads\/2026\/03\/fav-398x300-1.png\",\"contentUrl\":\"https:\/\/www.montecastelli.com\/wp-content\/uploads\/2026\/03\/fav-398x300-1.png\",\"width\":698,\"height\":300,\"caption\":\"Villa Montecastello\"},\"image\":{\"@id\":\"https:\/\/www.montecastelli.com\/fr\/#\/schema\/logo\/image\/\"}}]}<\/script>\n<!-- \/ Yoast SEO plugin. -->","yoast_head_json":{"title":"Flos Salis coccio 340 gr - Villa Montecastello","robots":{"index":"index","follow":"follow","max-snippet":"max-snippet:-1","max-image-preview":"max-image-preview:large","max-video-preview":"max-video-preview:-1"},"canonical":"https:\/\/www.montecastelli.com\/fr\/prodotto\/flos-salis-coccio-340-gr\/","og_locale":"fr_FR","og_type":"article","og_title":"Flos Salis coccio 340 gr - Villa Montecastello","og_description":"Produit sur les marais salants de l'Algarve, au Portugal. R\u00e9colt\u00e9 \u00e0 la main \u00e0 partir des toutes premi\u00e8res cristallisations des min\u00e9raux les plus doux et les plus pr\u00e9cieux.    Remises sur volume     Montant Remise unitaire Sauvegarder     3 3,00 \u20ac 9,00 \u20ac   6 5,00 \u20ac 30,00 \u20ac","og_url":"https:\/\/www.montecastelli.com\/fr\/prodotto\/flos-salis-coccio-340-gr\/","og_site_name":"Villa Montecastello","article_modified_time":"2026-03-09T16:50:49+00:00","og_image":[{"width":700,"height":800,"url":"https:\/\/www.montecastelli.com\/wp-content\/uploads\/2025\/12\/foto-prodotto-villa-castello-copia.webp","type":"image\/webp"}],"twitter_card":"summary_large_image","schema":{"@context":"https:\/\/schema.org","@graph":[{"@type":"WebPage","@id":"https:\/\/www.montecastelli.com\/fr\/prodotto\/flos-salis-coccio-340-gr\/","url":"https:\/\/www.montecastelli.com\/fr\/prodotto\/flos-salis-coccio-340-gr\/","name":"Flos Salis coccio 340 gr - Villa Montecastello","isPartOf":{"@id":"https:\/\/www.montecastelli.com\/fr\/#website"},"primaryImageOfPage":{"@id":"https:\/\/www.montecastelli.com\/fr\/prodotto\/flos-salis-coccio-340-gr\/#primaryimage"},"image":{"@id":"https:\/\/www.montecastelli.com\/fr\/prodotto\/flos-salis-coccio-340-gr\/#primaryimage"},"thumbnailUrl":"https:\/\/www.montecastelli.com\/wp-content\/uploads\/2025\/12\/foto-prodotto-villa-castello-copia.webp","datePublished":"2025-12-23T09:56:06+00:00","dateModified":"2026-03-09T16:50:49+00:00","breadcrumb":{"@id":"https:\/\/www.montecastelli.com\/fr\/prodotto\/flos-salis-coccio-340-gr\/#breadcrumb"},"inLanguage":"fr-FR","potentialAction":[{"@type":"ReadAction","target":["https:\/\/www.montecastelli.com\/fr\/prodotto\/flos-salis-coccio-340-gr\/"]}]},{"@type":"ImageObject","inLanguage":"fr-FR","@id":"https:\/\/www.montecastelli.com\/fr\/prodotto\/flos-salis-coccio-340-gr\/#primaryimage","url":"https:\/\/www.montecastelli.com\/wp-content\/uploads\/2025\/12\/foto-prodotto-villa-castello-copia.webp","contentUrl":"https:\/\/www.montecastelli.com\/wp-content\/uploads\/2025\/12\/foto-prodotto-villa-castello-copia.webp","width":700,"height":800,"caption":"flos salis marisol img prodotto"},{"@type":"BreadcrumbList","@id":"https:\/\/www.montecastelli.com\/fr\/prodotto\/flos-salis-coccio-340-gr\/#breadcrumb","itemListElement":[{"@type":"ListItem","position":1,"name":"Home","item":"https:\/\/www.montecastelli.com\/fr\/"},{"@type":"ListItem","position":2,"name":"Boutique","item":"https:\/\/www.montecastelli.com\/fr\/boutique\/"},{"@type":"ListItem","position":3,"name":"Flos Salis coccio 340 gr"}]},{"@type":"WebSite","@id":"https:\/\/www.montecastelli.com\/fr\/#website","url":"https:\/\/www.montecastelli.com\/fr\/","name":"Villa Montecastello","description":"a luxury Agriturismo for an authentic and unique experience in Tuscany","publisher":{"@id":"https:\/\/www.montecastelli.com\/fr\/#organization"},"potentialAction":[{"@type":"SearchAction","target":{"@type":"EntryPoint","urlTemplate":"https:\/\/www.montecastelli.com\/fr\/?s={search_term_string}"},"query-input":{"@type":"PropertyValueSpecification","valueRequired":true,"valueName":"search_term_string"}}],"inLanguage":"fr-FR"},{"@type":"Organization","@id":"https:\/\/www.montecastelli.com\/fr\/#organization","name":"Villa Montecastello","url":"https:\/\/www.montecastelli.com\/fr\/","logo":{"@type":"ImageObject","inLanguage":"fr-FR","@id":"https:\/\/www.montecastelli.com\/fr\/#\/schema\/logo\/image\/","url":"https:\/\/www.montecastelli.com\/wp-content\/uploads\/2026\/03\/fav-398x300-1.png","contentUrl":"https:\/\/www.montecastelli.com\/wp-content\/uploads\/2026\/03\/fav-398x300-1.png","width":698,"height":300,"caption":"Villa Montecastello"},"image":{"@id":"https:\/\/www.montecastelli.com\/fr\/#\/schema\/logo\/image\/"}}]}},"_links":{"self":[{"href":"https:\/\/www.montecastelli.com\/fr\/wp-json\/wp\/v2\/product\/31737","targetHints":{"allow":["GET"]}}],"collection":[{"href":"https:\/\/www.montecastelli.com\/fr\/wp-json\/wp\/v2\/product"}],"about":[{"href":"https:\/\/www.montecastelli.com\/fr\/wp-json\/wp\/v2\/types\/product"}],"replies":[{"embeddable":true,"href":"https:\/\/www.montecastelli.com\/fr\/wp-json\/wp\/v2\/comments?post=31737"}],"version-history":[{"count":4,"href":"https:\/\/www.montecastelli.com\/fr\/wp-json\/wp\/v2\/product\/31737\/revisions"}],"predecessor-version":[{"id":32057,"href":"https:\/\/www.montecastelli.com\/fr\/wp-json\/wp\/v2\/product\/31737\/revisions\/32057"}],"wp:featuredmedia":[{"embeddable":true,"href":"https:\/\/www.montecastelli.com\/fr\/wp-json\/wp\/v2\/media\/31739"}],"wp:attachment":[{"href":"https:\/\/www.montecastelli.com\/fr\/wp-json\/wp\/v2\/media?parent=31737"}],"wp:term":[{"taxonomy":"product_brand","embeddable":true,"href":"https:\/\/www.montecastelli.com\/fr\/wp-json\/wp\/v2\/product_brand?post=31737"},{"taxonomy":"product_cat","embeddable":true,"href":"https:\/\/www.montecastelli.com\/fr\/wp-json\/wp\/v2\/product_cat?post=31737"},{"taxonomy":"product_tag","embeddable":true,"href":"https:\/\/www.montecastelli.com\/fr\/wp-json\/wp\/v2\/product_tag?post=31737"}],"curies":[{"name":"wp","href":"https:\/\/api.w.org\/{rel}","templated":true}]}}