{"id":31752,"date":"2025-12-17T08:54:59","date_gmt":"2025-12-17T08:54:59","guid":{"rendered":"https:\/\/www.montecastelli.it\/prodotto\/flor-de-sal-sacchetto-cotone-250-gr\/"},"modified":"2026-03-09T16:56:37","modified_gmt":"2026-03-09T16:56:37","slug":"flor-de-sal-sacchetto-cotone-250-gr","status":"publish","type":"product","link":"https:\/\/www.montecastelli.com\/fr\/prodotto\/flor-de-sal-sacchetto-cotone-250-gr\/","title":{"rendered":"Flor de Sal sac en coton 250 gr"},"content":{"rendered":"\t\t<div data-elementor-type=\"wp-post\" data-elementor-id=\"31752\" class=\"elementor elementor-31752 elementor-29245\">\n\t\t\t\t<div class=\"wd-negative-gap elementor-element elementor-element-77efb82 e-flex e-con-boxed e-con e-parent\" data-id=\"77efb82\" data-element_type=\"container\">\n\t\t\t\t\t<div class=\"e-con-inner\">\n\t\t\t\t<div class=\"elementor-element elementor-element-f0ec461 elementor-widget__width-initial elementor-widget elementor-widget-wd_text_block\" data-id=\"f0ec461\" data-element_type=\"widget\" data-widget_type=\"wd_text_block.default\">\n\t\t\t\t<div class=\"elementor-widget-container\">\n\t\t\t\t\t\t\t<div class=\"wd-text-block reset-last-child text-left\">\n\t\t\t\n\t\t\t<h2>FLOR DE SAL<\/h2><p>De nos coll\u00e8gues au Portugal, Marisol, nous offrons le sel le plus pur que nous n\u2019avons jamais go\u00fbt\u00e9.<br \/>Une histoire comme la n\u00f4tre, une passion port\u00e9e \u00e0 un grand r\u00e9sultat. Andrea Siebert et Nico Boehr donnent une nouvelle vie \u00e0 une saline abandonn\u00e9e dans l\u2019Algarve, fouettant les cristaux \u00e0 la main et obtenant avec une puret\u00e9 unique un aliment fort et sain.<\/p>\n\t\t\t\t\t<\/div>\n\t\t\t\t\t\t<\/div>\n\t\t\t\t<\/div>\n\t\t\t\t<div class=\"elementor-element elementor-element-6944a65 elementor-widget__width-initial elementor-widget elementor-widget-wd_image_or_svg\" data-id=\"6944a65\" data-element_type=\"widget\" data-widget_type=\"wd_image_or_svg.default\">\n\t\t\t\t<div class=\"elementor-widget-container\">\n\t\t\t\t\t\n\t\t<div class=\"wd-image text-left\">\n\t\t\t\t\t\t\t\t<img loading=\"lazy\" decoding=\"async\" width=\"750\" height=\"373\" src=\"https:\/\/www.montecastelli.com\/wp-content\/uploads\/2025\/12\/sale-Villa-Montecastelli.jpg\" class=\"attachment-full size-full\" alt=\"sale Villa-Montecastelli marisol\" srcset=\"https:\/\/www.montecastelli.com\/wp-content\/uploads\/2025\/12\/sale-Villa-Montecastelli.jpg 750w, https:\/\/www.montecastelli.com\/wp-content\/uploads\/2025\/12\/sale-Villa-Montecastelli-430x214.jpg 430w, https:\/\/www.montecastelli.com\/wp-content\/uploads\/2025\/12\/sale-Villa-Montecastelli-150x75.jpg 150w, https:\/\/www.montecastelli.com\/wp-content\/uploads\/2025\/12\/sale-Villa-Montecastelli-700x348.jpg 700w, https:\/\/www.montecastelli.com\/wp-content\/uploads\/2025\/12\/sale-Villa-Montecastelli-400x199.jpg 400w\" sizes=\"auto, (max-width: 750px) 100vw, 750px\" \/>\t\t\t\t\t<\/div>\n\n\t\t\t\t\t\t<\/div>\n\t\t\t\t<\/div>\n\t\t\t\t\t<\/div>\n\t\t\t\t<\/div>\n\t\t\t\t<\/div>\n\t\t","protected":false},"excerpt":{"rendered":"<div id=\"product-description-short-37\">\n<p><span dir=\"auto\">Produit sur les marais salants de l&rsquo;Algarve, au Portugal, ce produit, r\u00e9colt\u00e9 \u00e0 la main, poss\u00e8de un ar\u00f4me distinct d&rsquo;air marin frais et une douceur inhabituelle pour un produit sal\u00e9.<\/span><\/p>\n<\/div>\n<div class=\"product-actions\">\n<form id=\"add-to-cart-or-refresh\" action=\"https:\/\/shop.montecastelli.com\/it\/carrello\" method=\"post\">\n<section class=\"product-discounts\">\n<p class=\"h6 product-discounts-title\"><span dir=\"auto\">Remises sur volume<\/span><\/p>\n<table class=\"table-product-discounts\">\n<thead>\n<tr>\n<th><span dir=\"auto\">Montant<\/span><\/th>\n<th><span dir=\"auto\">Remise unitaire<\/span><\/th>\n<th><span dir=\"auto\">Sauvegarder<\/span><\/th>\n<\/tr>\n<\/thead>\n<tbody>\n<tr data-discount-type=\"amount\" data-discount=\"1\" data-discount-quantity=\"3\">\n<td><span dir=\"auto\">3<\/span><\/td>\n<td><span dir=\"auto\">1,00 \u20ac<\/span><\/td>\n<td><span dir=\"auto\">3,00 \u20ac<\/span><\/td>\n<\/tr>\n<tr data-discount-type=\"amount\" data-discount=\"2\" data-discount-quantity=\"6\">\n<td><span dir=\"auto\">6<\/span><\/td>\n<td><span dir=\"auto\">2,00 \u20ac<\/span><\/td>\n<td><span dir=\"auto\">12,00 \u20ac<\/span><\/td>\n<\/tr>\n<\/tbody>\n<\/table>\n<\/section>\n<\/form>\n<\/div>\n<p>&nbsp;<\/p>\n","protected":false},"featured_media":31754,"comment_status":"open","ping_status":"closed","template":"","meta":[],"product_brand":[],"product_cat":[111],"product_tag":[],"class_list":{"0":"post-31752","1":"product","2":"type-product","3":"status-publish","4":"has-post-thumbnail","6":"product_cat-sel","8":"first","9":"instock","10":"taxable","11":"shipping-taxable","12":"purchasable","13":"product-type-simple"},"yoast_head":"<!-- This site is optimized with the Yoast SEO plugin v27.2 - https:\/\/yoast.com\/product\/yoast-seo-wordpress\/ -->\n<title>Flor de Sal sac en coton 250 gr - Villa Montecastello<\/title>\n<meta name=\"robots\" content=\"index, follow, max-snippet:-1, max-image-preview:large, max-video-preview:-1\" \/>\n<link rel=\"canonical\" href=\"https:\/\/www.montecastelli.com\/fr\/prodotto\/flor-de-sal-sacchetto-cotone-250-gr\/\" \/>\n<meta property=\"og:locale\" content=\"fr_FR\" \/>\n<meta property=\"og:type\" content=\"article\" \/>\n<meta property=\"og:title\" content=\"Flor de Sal sac en coton 250 gr - Villa Montecastello\" \/>\n<meta property=\"og:description\" content=\"Produit sur les marais salants de l&#039;Algarve, au Portugal, ce produit, r\u00e9colt\u00e9 \u00e0 la main, poss\u00e8de un ar\u00f4me distinct d&#039;air marin frais et une douceur inhabituelle pour un produit sal\u00e9.    Remises sur volume     Montant Remise unitaire Sauvegarder     3 1,00 \u20ac 3,00 \u20ac   6 2,00 \u20ac 12,00 \u20ac     &nbsp;\" \/>\n<meta property=\"og:url\" content=\"https:\/\/www.montecastelli.com\/fr\/prodotto\/flor-de-sal-sacchetto-cotone-250-gr\/\" \/>\n<meta property=\"og:site_name\" content=\"Villa Montecastello\" \/>\n<meta property=\"article:modified_time\" content=\"2026-03-09T16:56:37+00:00\" \/>\n<meta property=\"og:image\" content=\"https:\/\/www.montecastelli.com\/wp-content\/uploads\/2025\/12\/Flor-de-Sal-sacchetto-cotone-250-gr.webp\" \/>\n\t<meta property=\"og:image:width\" content=\"700\" \/>\n\t<meta property=\"og:image:height\" content=\"800\" \/>\n\t<meta property=\"og:image:type\" content=\"image\/webp\" \/>\n<meta name=\"twitter:card\" content=\"summary_large_image\" \/>\n<script type=\"application\/ld+json\" class=\"yoast-schema-graph\">{\"@context\":\"https:\/\/schema.org\",\"@graph\":[{\"@type\":\"WebPage\",\"@id\":\"https:\/\/www.montecastelli.com\/fr\/prodotto\/flor-de-sal-sacchetto-cotone-250-gr\/\",\"url\":\"https:\/\/www.montecastelli.com\/fr\/prodotto\/flor-de-sal-sacchetto-cotone-250-gr\/\",\"name\":\"Flor de Sal sac en coton 250 gr - Villa Montecastello\",\"isPartOf\":{\"@id\":\"https:\/\/www.montecastelli.com\/fr\/#website\"},\"primaryImageOfPage\":{\"@id\":\"https:\/\/www.montecastelli.com\/fr\/prodotto\/flor-de-sal-sacchetto-cotone-250-gr\/#primaryimage\"},\"image\":{\"@id\":\"https:\/\/www.montecastelli.com\/fr\/prodotto\/flor-de-sal-sacchetto-cotone-250-gr\/#primaryimage\"},\"thumbnailUrl\":\"https:\/\/www.montecastelli.com\/wp-content\/uploads\/2025\/12\/Flor-de-Sal-sacchetto-cotone-250-gr.webp\",\"datePublished\":\"2025-12-17T08:54:59+00:00\",\"dateModified\":\"2026-03-09T16:56:37+00:00\",\"breadcrumb\":{\"@id\":\"https:\/\/www.montecastelli.com\/fr\/prodotto\/flor-de-sal-sacchetto-cotone-250-gr\/#breadcrumb\"},\"inLanguage\":\"fr-FR\",\"potentialAction\":[{\"@type\":\"ReadAction\",\"target\":[\"https:\/\/www.montecastelli.com\/fr\/prodotto\/flor-de-sal-sacchetto-cotone-250-gr\/\"]}]},{\"@type\":\"ImageObject\",\"inLanguage\":\"fr-FR\",\"@id\":\"https:\/\/www.montecastelli.com\/fr\/prodotto\/flor-de-sal-sacchetto-cotone-250-gr\/#primaryimage\",\"url\":\"https:\/\/www.montecastelli.com\/wp-content\/uploads\/2025\/12\/Flor-de-Sal-sacchetto-cotone-250-gr.webp\",\"contentUrl\":\"https:\/\/www.montecastelli.com\/wp-content\/uploads\/2025\/12\/Flor-de-Sal-sacchetto-cotone-250-gr.webp\",\"width\":700,\"height\":800,\"caption\":\"Flor de Sal sacchetto cotone 250 gr\"},{\"@type\":\"BreadcrumbList\",\"@id\":\"https:\/\/www.montecastelli.com\/fr\/prodotto\/flor-de-sal-sacchetto-cotone-250-gr\/#breadcrumb\",\"itemListElement\":[{\"@type\":\"ListItem\",\"position\":1,\"name\":\"Home\",\"item\":\"https:\/\/www.montecastelli.com\/fr\/\"},{\"@type\":\"ListItem\",\"position\":2,\"name\":\"Boutique\",\"item\":\"https:\/\/www.montecastelli.com\/fr\/boutique\/\"},{\"@type\":\"ListItem\",\"position\":3,\"name\":\"Flor de Sal sac en coton 250 gr\"}]},{\"@type\":\"WebSite\",\"@id\":\"https:\/\/www.montecastelli.com\/fr\/#website\",\"url\":\"https:\/\/www.montecastelli.com\/fr\/\",\"name\":\"Villa Montecastello\",\"description\":\"a luxury Agriturismo for an authentic and unique experience in Tuscany\",\"publisher\":{\"@id\":\"https:\/\/www.montecastelli.com\/fr\/#organization\"},\"potentialAction\":[{\"@type\":\"SearchAction\",\"target\":{\"@type\":\"EntryPoint\",\"urlTemplate\":\"https:\/\/www.montecastelli.com\/fr\/?s={search_term_string}\"},\"query-input\":{\"@type\":\"PropertyValueSpecification\",\"valueRequired\":true,\"valueName\":\"search_term_string\"}}],\"inLanguage\":\"fr-FR\"},{\"@type\":\"Organization\",\"@id\":\"https:\/\/www.montecastelli.com\/fr\/#organization\",\"name\":\"Villa Montecastello\",\"url\":\"https:\/\/www.montecastelli.com\/fr\/\",\"logo\":{\"@type\":\"ImageObject\",\"inLanguage\":\"fr-FR\",\"@id\":\"https:\/\/www.montecastelli.com\/fr\/#\/schema\/logo\/image\/\",\"url\":\"https:\/\/www.montecastelli.com\/wp-content\/uploads\/2026\/03\/fav-398x300-1.png\",\"contentUrl\":\"https:\/\/www.montecastelli.com\/wp-content\/uploads\/2026\/03\/fav-398x300-1.png\",\"width\":698,\"height\":300,\"caption\":\"Villa Montecastello\"},\"image\":{\"@id\":\"https:\/\/www.montecastelli.com\/fr\/#\/schema\/logo\/image\/\"}}]}<\/script>\n<!-- \/ Yoast SEO plugin. -->","yoast_head_json":{"title":"Flor de Sal sac en coton 250 gr - Villa Montecastello","robots":{"index":"index","follow":"follow","max-snippet":"max-snippet:-1","max-image-preview":"max-image-preview:large","max-video-preview":"max-video-preview:-1"},"canonical":"https:\/\/www.montecastelli.com\/fr\/prodotto\/flor-de-sal-sacchetto-cotone-250-gr\/","og_locale":"fr_FR","og_type":"article","og_title":"Flor de Sal sac en coton 250 gr - Villa Montecastello","og_description":"Produit sur les marais salants de l'Algarve, au Portugal, ce produit, r\u00e9colt\u00e9 \u00e0 la main, poss\u00e8de un ar\u00f4me distinct d'air marin frais et une douceur inhabituelle pour un produit sal\u00e9.    Remises sur volume     Montant Remise unitaire Sauvegarder     3 1,00 \u20ac 3,00 \u20ac   6 2,00 \u20ac 12,00 \u20ac     &nbsp;","og_url":"https:\/\/www.montecastelli.com\/fr\/prodotto\/flor-de-sal-sacchetto-cotone-250-gr\/","og_site_name":"Villa Montecastello","article_modified_time":"2026-03-09T16:56:37+00:00","og_image":[{"width":700,"height":800,"url":"https:\/\/www.montecastelli.com\/wp-content\/uploads\/2025\/12\/Flor-de-Sal-sacchetto-cotone-250-gr.webp","type":"image\/webp"}],"twitter_card":"summary_large_image","schema":{"@context":"https:\/\/schema.org","@graph":[{"@type":"WebPage","@id":"https:\/\/www.montecastelli.com\/fr\/prodotto\/flor-de-sal-sacchetto-cotone-250-gr\/","url":"https:\/\/www.montecastelli.com\/fr\/prodotto\/flor-de-sal-sacchetto-cotone-250-gr\/","name":"Flor de Sal sac en coton 250 gr - Villa Montecastello","isPartOf":{"@id":"https:\/\/www.montecastelli.com\/fr\/#website"},"primaryImageOfPage":{"@id":"https:\/\/www.montecastelli.com\/fr\/prodotto\/flor-de-sal-sacchetto-cotone-250-gr\/#primaryimage"},"image":{"@id":"https:\/\/www.montecastelli.com\/fr\/prodotto\/flor-de-sal-sacchetto-cotone-250-gr\/#primaryimage"},"thumbnailUrl":"https:\/\/www.montecastelli.com\/wp-content\/uploads\/2025\/12\/Flor-de-Sal-sacchetto-cotone-250-gr.webp","datePublished":"2025-12-17T08:54:59+00:00","dateModified":"2026-03-09T16:56:37+00:00","breadcrumb":{"@id":"https:\/\/www.montecastelli.com\/fr\/prodotto\/flor-de-sal-sacchetto-cotone-250-gr\/#breadcrumb"},"inLanguage":"fr-FR","potentialAction":[{"@type":"ReadAction","target":["https:\/\/www.montecastelli.com\/fr\/prodotto\/flor-de-sal-sacchetto-cotone-250-gr\/"]}]},{"@type":"ImageObject","inLanguage":"fr-FR","@id":"https:\/\/www.montecastelli.com\/fr\/prodotto\/flor-de-sal-sacchetto-cotone-250-gr\/#primaryimage","url":"https:\/\/www.montecastelli.com\/wp-content\/uploads\/2025\/12\/Flor-de-Sal-sacchetto-cotone-250-gr.webp","contentUrl":"https:\/\/www.montecastelli.com\/wp-content\/uploads\/2025\/12\/Flor-de-Sal-sacchetto-cotone-250-gr.webp","width":700,"height":800,"caption":"Flor de Sal sacchetto cotone 250 gr"},{"@type":"BreadcrumbList","@id":"https:\/\/www.montecastelli.com\/fr\/prodotto\/flor-de-sal-sacchetto-cotone-250-gr\/#breadcrumb","itemListElement":[{"@type":"ListItem","position":1,"name":"Home","item":"https:\/\/www.montecastelli.com\/fr\/"},{"@type":"ListItem","position":2,"name":"Boutique","item":"https:\/\/www.montecastelli.com\/fr\/boutique\/"},{"@type":"ListItem","position":3,"name":"Flor de Sal sac en coton 250 gr"}]},{"@type":"WebSite","@id":"https:\/\/www.montecastelli.com\/fr\/#website","url":"https:\/\/www.montecastelli.com\/fr\/","name":"Villa Montecastello","description":"a luxury Agriturismo for an authentic and unique experience in Tuscany","publisher":{"@id":"https:\/\/www.montecastelli.com\/fr\/#organization"},"potentialAction":[{"@type":"SearchAction","target":{"@type":"EntryPoint","urlTemplate":"https:\/\/www.montecastelli.com\/fr\/?s={search_term_string}"},"query-input":{"@type":"PropertyValueSpecification","valueRequired":true,"valueName":"search_term_string"}}],"inLanguage":"fr-FR"},{"@type":"Organization","@id":"https:\/\/www.montecastelli.com\/fr\/#organization","name":"Villa Montecastello","url":"https:\/\/www.montecastelli.com\/fr\/","logo":{"@type":"ImageObject","inLanguage":"fr-FR","@id":"https:\/\/www.montecastelli.com\/fr\/#\/schema\/logo\/image\/","url":"https:\/\/www.montecastelli.com\/wp-content\/uploads\/2026\/03\/fav-398x300-1.png","contentUrl":"https:\/\/www.montecastelli.com\/wp-content\/uploads\/2026\/03\/fav-398x300-1.png","width":698,"height":300,"caption":"Villa Montecastello"},"image":{"@id":"https:\/\/www.montecastelli.com\/fr\/#\/schema\/logo\/image\/"}}]}},"_links":{"self":[{"href":"https:\/\/www.montecastelli.com\/fr\/wp-json\/wp\/v2\/product\/31752","targetHints":{"allow":["GET"]}}],"collection":[{"href":"https:\/\/www.montecastelli.com\/fr\/wp-json\/wp\/v2\/product"}],"about":[{"href":"https:\/\/www.montecastelli.com\/fr\/wp-json\/wp\/v2\/types\/product"}],"replies":[{"embeddable":true,"href":"https:\/\/www.montecastelli.com\/fr\/wp-json\/wp\/v2\/comments?post=31752"}],"version-history":[{"count":4,"href":"https:\/\/www.montecastelli.com\/fr\/wp-json\/wp\/v2\/product\/31752\/revisions"}],"predecessor-version":[{"id":32070,"href":"https:\/\/www.montecastelli.com\/fr\/wp-json\/wp\/v2\/product\/31752\/revisions\/32070"}],"wp:featuredmedia":[{"embeddable":true,"href":"https:\/\/www.montecastelli.com\/fr\/wp-json\/wp\/v2\/media\/31754"}],"wp:attachment":[{"href":"https:\/\/www.montecastelli.com\/fr\/wp-json\/wp\/v2\/media?parent=31752"}],"wp:term":[{"taxonomy":"product_brand","embeddable":true,"href":"https:\/\/www.montecastelli.com\/fr\/wp-json\/wp\/v2\/product_brand?post=31752"},{"taxonomy":"product_cat","embeddable":true,"href":"https:\/\/www.montecastelli.com\/fr\/wp-json\/wp\/v2\/product_cat?post=31752"},{"taxonomy":"product_tag","embeddable":true,"href":"https:\/\/www.montecastelli.com\/fr\/wp-json\/wp\/v2\/product_tag?post=31752"}],"curies":[{"name":"wp","href":"https:\/\/api.w.org\/{rel}","templated":true}]}}